{"id":17709,"date":"2021-06-07T09:30:11","date_gmt":"2021-06-07T13:30:11","guid":{"rendered":"https:\/\/prc.machinedev.ca\/?page_id=17709"},"modified":"2026-02-09T06:01:21","modified_gmt":"2026-02-09T11:01:21","slug":"for-accreditation","status":"publish","type":"page","link":"https:\/\/ccor.cos-sco.ca\/fr\/for-accreditation\/","title":{"rendered":"Agr\u00e9ment et cr\u00e9dits de DPC"},"content":{"rendered":"\n<section class=\"section section--impact page-impact alignfull\">\n  <div class=\"impact-overlay\"><\/div>\n  <div class=\"parallax-bg\" style=\"background-image: url(https:\/\/ccor.cos-sco.ca\/wp-content\/uploads\/2021\/05\/glenn-carstens-peters-npxXWgQ33ZQ-unsplash.png); background-size: cover; background-position: center center;\"><\/div>\n  <div class=\"grid-container fade-up-and-in\">\n    <div class=\"grid-x\">\n      <div class=\"cell text-center\">\n                  <h1> Agr\u00e9ment et cr\u00e9dits de DPC <\/h1>\n                      <\/div>\n    <\/div>\n  <\/div>\n<\/section>\n\n\n\n<p>En tant que fournisseur de d\u00e9veloppement professionnel continu (DPC) agr\u00e9\u00e9 par le Coll\u00e8ge royal des m\u00e9decins et chirurgiens du Canada (CRMCC), la Soci\u00e9t\u00e9 canadienne d\u2019ophtalmologie (SCO) cr\u00e9e, approuve et offre des activit\u00e9s donnant droit \u00e0 des cr\u00e9dits de DPC conformes aux crit\u00e8res des sections\u00a01 et 3 du programme de Maintien du certificat (MDC) du CRMCC. Ces ressources en mati\u00e8re d\u2019agr\u00e9ment proposent des conseils, les derniers d\u00e9veloppements dans le domaine et les pratiques exemplaires d\u2019\u00e9laboration, de cr\u00e9ation et d\u2019ex\u00e9cution de programmes d\u2019apprentissage en ophtalmologie.<\/p>\n\n\n\n<section class=\"section section--explore-prc alignfull\">\n  <div class=\"grid-container\">\n      <h1 class=\"text-center\">Explorez le CRP<\/h1>\n      <form action=\"\/info-hub\/\" class=\"info-hub-filter\">\n\t\t          <div class=\"explore-filter\">\n\t\t          \t<div class=\"dual-multi-select\">\n\t\t              \t\t              <div class=\"multi-select\" data-filter=\"content\">\n\t\t                  <div class=\"multi-select-label\">Type de contenu<\/div>\n\t\t                  <div class=\"multi-select-dropdown\">\n\t\t\t                  \t\t                  <\/div>\n\t\t              <\/div>\n\t\t              \t\t              <div class=\"multi-select\" data-filter=\"category\">\n\t\t                  <div class=\"multi-select-label\">Cat\u00e9gories<\/div>\n\t\t                  <div class=\"multi-select-dropdown\">\n\t\t\t                  \t\t\t                    <div class=\"multi-select-option \" data-value=\"test-category-fr\">test-category-fr<\/div>\n\t\t\t                  \t\t                  <\/div>\n\t\t              <\/div>\n\t\t              <\/div>\n\t\t              <div class=\"input-with-button\">\n\t\t                <input type=\"text\" placeholder=\"Search a name or keyword...\" class=\"resource-search-input\">\n\t\t                <button type=\"submit\"><img decoding=\"async\" src=\"https:\/\/ccor.cos-sco.ca\/wp-content\/themes\/practice-resource-centre\/img\/search-light.svg\"><\/button>\n\t\t              <\/div>\n\t\t          <\/div>\n\t\t      <\/form>\n\t\t              <section class=\"section section--explore-post-filter-archive\">\n\t\t    <div class=\"grid-container\">\n                \t\t        \t<p class=\"text-center no-resources\">No Resources Found<\/p>\n\t\t        \t\t    <\/div>\n\t\t<\/section>\n\t\t\n\t\t\t\t\t\t","protected":false},"excerpt":{"rendered":"<p>En tant que fournisseur de d\u00e9veloppement professionnel continu (DPC) agr\u00e9\u00e9 par le Coll\u00e8ge royal des m\u00e9decins et chirurgiens du Canada (CRMCC), la Soci\u00e9t\u00e9 canadienne d\u2019ophtalmologie (SCO) cr\u00e9e, approuve et offre des activit\u00e9s donnant droit \u00e0 des cr\u00e9dits de DPC conformes aux crit\u00e8res des sections\u00a01 et 3 du programme de Maintien du certificat (MDC) du CRMCC. [&hellip;]<\/p>\n","protected":false},"author":3,"featured_media":0,"parent":0,"menu_order":0,"comment_status":"closed","ping_status":"closed","template":"","meta":{"_acf_changed":false,"footnotes":""},"class_list":["post-17709","page","type-page","status-publish","hentry"],"acf":[],"yoast_head":"<!-- This site is optimized with the Yoast SEO plugin v27.3 - https:\/\/yoast.com\/product\/yoast-seo-wordpress\/ -->\n<title>Agr\u00e9ment et cr\u00e9dits de DPC - CCOR<\/title>\n<meta name=\"robots\" content=\"index, follow, max-snippet:-1, max-image-preview:large, max-video-preview:-1\" \/>\n<link rel=\"canonical\" href=\"https:\/\/ccor.cos-sco.ca\/fr\/for-accreditation\/\" \/>\n<meta property=\"og:locale\" content=\"fr_FR\" \/>\n<meta property=\"og:type\" content=\"article\" \/>\n<meta property=\"og:title\" content=\"Agr\u00e9ment et cr\u00e9dits de DPC - CCOR\" \/>\n<meta property=\"og:description\" content=\"En tant que fournisseur de d\u00e9veloppement professionnel continu (DPC) agr\u00e9\u00e9 par le Coll\u00e8ge royal des m\u00e9decins et chirurgiens du Canada (CRMCC), la Soci\u00e9t\u00e9 canadienne d\u2019ophtalmologie (SCO) cr\u00e9e, approuve et offre des activit\u00e9s donnant droit \u00e0 des cr\u00e9dits de DPC conformes aux crit\u00e8res des sections\u00a01 et 3 du programme de Maintien du certificat (MDC) du CRMCC. [&hellip;]\" \/>\n<meta property=\"og:url\" content=\"https:\/\/ccor.cos-sco.ca\/fr\/for-accreditation\/\" \/>\n<meta property=\"og:site_name\" content=\"CCOR\" \/>\n<meta property=\"article:modified_time\" content=\"2026-02-09T11:01:21+00:00\" \/>\n<meta name=\"twitter:card\" content=\"summary_large_image\" \/>\n<meta name=\"twitter:label1\" content=\"Dur\u00e9e de lecture estim\u00e9e\" \/>\n\t<meta name=\"twitter:data1\" content=\"1 minute\" \/>\n<script type=\"application\/ld+json\" class=\"yoast-schema-graph\">{\"@context\":\"https:\\\/\\\/schema.org\",\"@graph\":[{\"@type\":\"WebPage\",\"@id\":\"https:\\\/\\\/ccor.cos-sco.ca\\\/fr\\\/for-accreditation\\\/\",\"url\":\"https:\\\/\\\/ccor.cos-sco.ca\\\/fr\\\/for-accreditation\\\/\",\"name\":\"Agr\u00e9ment et cr\u00e9dits de DPC - CCOR\",\"isPartOf\":{\"@id\":\"https:\\\/\\\/ccor.cos-sco.ca\\\/#website\"},\"datePublished\":\"2021-06-07T13:30:11+00:00\",\"dateModified\":\"2026-02-09T11:01:21+00:00\",\"breadcrumb\":{\"@id\":\"https:\\\/\\\/ccor.cos-sco.ca\\\/fr\\\/for-accreditation\\\/#breadcrumb\"},\"inLanguage\":\"fr-FR\",\"potentialAction\":[{\"@type\":\"ReadAction\",\"target\":[\"https:\\\/\\\/ccor.cos-sco.ca\\\/fr\\\/for-accreditation\\\/\"]}]},{\"@type\":\"BreadcrumbList\",\"@id\":\"https:\\\/\\\/ccor.cos-sco.ca\\\/fr\\\/for-accreditation\\\/#breadcrumb\",\"itemListElement\":[{\"@type\":\"ListItem\",\"position\":1,\"name\":\"Home\",\"item\":\"https:\\\/\\\/ccor.cos-sco.ca\\\/fr\\\/\"},{\"@type\":\"ListItem\",\"position\":2,\"name\":\"Agr\u00e9ment et cr\u00e9dits de DPC\"}]},{\"@type\":\"WebSite\",\"@id\":\"https:\\\/\\\/ccor.cos-sco.ca\\\/#website\",\"url\":\"https:\\\/\\\/ccor.cos-sco.ca\\\/\",\"name\":\"CCOR\",\"description\":\"\",\"potentialAction\":[{\"@type\":\"SearchAction\",\"target\":{\"@type\":\"EntryPoint\",\"urlTemplate\":\"https:\\\/\\\/ccor.cos-sco.ca\\\/?s={search_term_string}\"},\"query-input\":{\"@type\":\"PropertyValueSpecification\",\"valueRequired\":true,\"valueName\":\"search_term_string\"}}],\"inLanguage\":\"fr-FR\"}]}<\/script>\n<!-- \/ Yoast SEO plugin. -->","yoast_head_json":{"title":"Agr\u00e9ment et cr\u00e9dits de DPC - CCOR","robots":{"index":"index","follow":"follow","max-snippet":"max-snippet:-1","max-image-preview":"max-image-preview:large","max-video-preview":"max-video-preview:-1"},"canonical":"https:\/\/ccor.cos-sco.ca\/fr\/for-accreditation\/","og_locale":"fr_FR","og_type":"article","og_title":"Agr\u00e9ment et cr\u00e9dits de DPC - CCOR","og_description":"En tant que fournisseur de d\u00e9veloppement professionnel continu (DPC) agr\u00e9\u00e9 par le Coll\u00e8ge royal des m\u00e9decins et chirurgiens du Canada (CRMCC), la Soci\u00e9t\u00e9 canadienne d\u2019ophtalmologie (SCO) cr\u00e9e, approuve et offre des activit\u00e9s donnant droit \u00e0 des cr\u00e9dits de DPC conformes aux crit\u00e8res des sections\u00a01 et 3 du programme de Maintien du certificat (MDC) du CRMCC. [&hellip;]","og_url":"https:\/\/ccor.cos-sco.ca\/fr\/for-accreditation\/","og_site_name":"CCOR","article_modified_time":"2026-02-09T11:01:21+00:00","twitter_card":"summary_large_image","twitter_misc":{"Dur\u00e9e de lecture estim\u00e9e":"1 minute"},"schema":{"@context":"https:\/\/schema.org","@graph":[{"@type":"WebPage","@id":"https:\/\/ccor.cos-sco.ca\/fr\/for-accreditation\/","url":"https:\/\/ccor.cos-sco.ca\/fr\/for-accreditation\/","name":"Agr\u00e9ment et cr\u00e9dits de DPC - CCOR","isPartOf":{"@id":"https:\/\/ccor.cos-sco.ca\/#website"},"datePublished":"2021-06-07T13:30:11+00:00","dateModified":"2026-02-09T11:01:21+00:00","breadcrumb":{"@id":"https:\/\/ccor.cos-sco.ca\/fr\/for-accreditation\/#breadcrumb"},"inLanguage":"fr-FR","potentialAction":[{"@type":"ReadAction","target":["https:\/\/ccor.cos-sco.ca\/fr\/for-accreditation\/"]}]},{"@type":"BreadcrumbList","@id":"https:\/\/ccor.cos-sco.ca\/fr\/for-accreditation\/#breadcrumb","itemListElement":[{"@type":"ListItem","position":1,"name":"Home","item":"https:\/\/ccor.cos-sco.ca\/fr\/"},{"@type":"ListItem","position":2,"name":"Agr\u00e9ment et cr\u00e9dits de DPC"}]},{"@type":"WebSite","@id":"https:\/\/ccor.cos-sco.ca\/#website","url":"https:\/\/ccor.cos-sco.ca\/","name":"CCOR","description":"","potentialAction":[{"@type":"SearchAction","target":{"@type":"EntryPoint","urlTemplate":"https:\/\/ccor.cos-sco.ca\/?s={search_term_string}"},"query-input":{"@type":"PropertyValueSpecification","valueRequired":true,"valueName":"search_term_string"}}],"inLanguage":"fr-FR"}]}},"publishpress_future_action":{"enabled":false,"date":"2026-04-21 07:30:08","action":"change-status","newStatus":"draft","terms":[],"taxonomy":"translation_priority","extraData":[]},"publishpress_future_workflow_manual_trigger":{"enabledWorkflows":[]},"_links":{"self":[{"href":"https:\/\/ccor.cos-sco.ca\/fr\/wp-json\/wp\/v2\/pages\/17709","targetHints":{"allow":["GET"]}}],"collection":[{"href":"https:\/\/ccor.cos-sco.ca\/fr\/wp-json\/wp\/v2\/pages"}],"about":[{"href":"https:\/\/ccor.cos-sco.ca\/fr\/wp-json\/wp\/v2\/types\/page"}],"author":[{"embeddable":true,"href":"https:\/\/ccor.cos-sco.ca\/fr\/wp-json\/wp\/v2\/users\/3"}],"replies":[{"embeddable":true,"href":"https:\/\/ccor.cos-sco.ca\/fr\/wp-json\/wp\/v2\/comments?post=17709"}],"version-history":[{"count":4,"href":"https:\/\/ccor.cos-sco.ca\/fr\/wp-json\/wp\/v2\/pages\/17709\/revisions"}],"predecessor-version":[{"id":29901,"href":"https:\/\/ccor.cos-sco.ca\/fr\/wp-json\/wp\/v2\/pages\/17709\/revisions\/29901"}],"wp:attachment":[{"href":"https:\/\/ccor.cos-sco.ca\/fr\/wp-json\/wp\/v2\/media?parent=17709"}],"curies":[{"name":"wp","href":"https:\/\/api.w.org\/{rel}","templated":true}]}}