{"id":17722,"date":"2021-06-07T09:34:05","date_gmt":"2021-06-07T13:34:05","guid":{"rendered":"https:\/\/prc.machinedev.ca\/?page_id=17722"},"modified":"2026-02-09T06:01:28","modified_gmt":"2026-02-09T11:01:28","slug":"ressources-de-la-covid-19","status":"publish","type":"page","link":"https:\/\/ccor.cos-sco.ca\/fr\/ressources-de-la-covid-19\/","title":{"rendered":"Ressources sur la COVID-19"},"content":{"rendered":"\n<section class=\"section section--impact page-impact alignfull\">\n  <div class=\"impact-overlay\"><\/div>\n  <div class=\"parallax-bg\" style=\"background-image: url(https:\/\/ccor.cos-sco.ca\/wp-content\/uploads\/2021\/06\/covid-19-.jpg); background-size: cover; background-position: center center;\"><\/div>\n  <div class=\"grid-container fade-up-and-in\">\n    <div class=\"grid-x\">\n      <div class=\"cell text-center\">\n                  <h1>Ressources sur la COVID-19<\/h1>\n                      <\/div>\n    <\/div>\n  <\/div>\n<\/section>\n\n\n\n<p>\u00c0 mesure de l\u2019\u00e9volution de la pand\u00e9mie de COVID-19, le Carrefour de ressources pour la pratique de la Soci\u00e9t\u00e9 canadienne d\u2019ophtalmologie (CRP SCO) continuera de fournir des renseignements \u00e0 jour, nouveaux et pertinents pour votre pratique de l\u2019ophtalmologie.<\/p>\n\n\n\n<section class=\"section section--explore-prc alignfull\">\n  <div class=\"grid-container\">\n      <h1 class=\"text-center\">Explorez le CRP<\/h1>\n      <form action=\"\/info-hub\/\" class=\"info-hub-filter\">\n\t\t          <div class=\"explore-filter\">\n\t\t          \t<div class=\"dual-multi-select\">\n\t\t              \t\t              <div class=\"multi-select\" data-filter=\"content\">\n\t\t                  <div class=\"multi-select-label\">Type de contenu<\/div>\n\t\t                  <div class=\"multi-select-dropdown\">\n\t\t\t                  \t\t                  <\/div>\n\t\t              <\/div>\n\t\t              \t\t              <div class=\"multi-select\" data-filter=\"category\">\n\t\t                  <div class=\"multi-select-label\">Cat\u00e9gories<\/div>\n\t\t                  <div class=\"multi-select-dropdown\">\n\t\t\t                  \t\t\t                    <div class=\"multi-select-option \" data-value=\"test-category-fr\">test-category-fr<\/div>\n\t\t\t                  \t\t                  <\/div>\n\t\t              <\/div>\n\t\t              <\/div>\n\t\t              <div class=\"input-with-button\">\n\t\t                <input type=\"text\" placeholder=\"Search a name or keyword...\" class=\"resource-search-input\">\n\t\t                <button type=\"submit\"><img decoding=\"async\" src=\"https:\/\/ccor.cos-sco.ca\/wp-content\/themes\/practice-resource-centre\/img\/search-light.svg\"><\/button>\n\t\t              <\/div>\n\t\t          <\/div>\n\t\t      <\/form>\n\t\t              <section class=\"section section--explore-post-filter-archive\">\n\t\t    <div class=\"grid-container\">\n                \t\t        \t<p class=\"text-center no-resources\">No Resources Found<\/p>\n\t\t        \t\t    <\/div>\n\t\t<\/section>\n\t\t\n\t\t\t\t\t\t","protected":false},"excerpt":{"rendered":"<p>\u00c0 mesure de l\u2019\u00e9volution de la pand\u00e9mie de COVID-19, le Carrefour de ressources pour la pratique de la Soci\u00e9t\u00e9 canadienne d\u2019ophtalmologie (CRP SCO) continuera de fournir des renseignements \u00e0 jour, nouveaux et pertinents pour votre pratique de l\u2019ophtalmologie.<\/p>\n","protected":false},"author":3,"featured_media":0,"parent":0,"menu_order":0,"comment_status":"closed","ping_status":"closed","template":"","meta":{"_acf_changed":false,"footnotes":""},"class_list":["post-17722","page","type-page","status-publish","hentry"],"acf":[],"yoast_head":"<!-- This site is optimized with the Yoast SEO plugin v27.4 - https:\/\/yoast.com\/product\/yoast-seo-wordpress\/ -->\n<title>Ressources sur la COVID-19 - CCOR<\/title>\n<meta name=\"robots\" content=\"index, follow, max-snippet:-1, max-image-preview:large, max-video-preview:-1\" \/>\n<link rel=\"canonical\" href=\"https:\/\/ccor.cos-sco.ca\/fr\/ressources-de-la-covid-19\/\" \/>\n<meta property=\"og:locale\" content=\"fr_FR\" \/>\n<meta property=\"og:type\" content=\"article\" \/>\n<meta property=\"og:title\" content=\"Ressources sur la COVID-19 - CCOR\" \/>\n<meta property=\"og:description\" content=\"\u00c0 mesure de l\u2019\u00e9volution de la pand\u00e9mie de COVID-19, le Carrefour de ressources pour la pratique de la Soci\u00e9t\u00e9 canadienne d\u2019ophtalmologie (CRP SCO) continuera de fournir des renseignements \u00e0 jour, nouveaux et pertinents pour votre pratique de l\u2019ophtalmologie.\" \/>\n<meta property=\"og:url\" content=\"https:\/\/ccor.cos-sco.ca\/fr\/ressources-de-la-covid-19\/\" \/>\n<meta property=\"og:site_name\" content=\"CCOR\" \/>\n<meta property=\"article:modified_time\" content=\"2026-02-09T11:01:28+00:00\" \/>\n<meta name=\"twitter:card\" content=\"summary_large_image\" \/>\n<meta name=\"twitter:label1\" content=\"Dur\u00e9e de lecture estim\u00e9e\" \/>\n\t<meta name=\"twitter:data1\" content=\"1 minute\" \/>\n<script type=\"application\/ld+json\" class=\"yoast-schema-graph\">{\"@context\":\"https:\\\/\\\/schema.org\",\"@graph\":[{\"@type\":\"WebPage\",\"@id\":\"https:\\\/\\\/ccor.cos-sco.ca\\\/fr\\\/ressources-de-la-covid-19\\\/\",\"url\":\"https:\\\/\\\/ccor.cos-sco.ca\\\/fr\\\/ressources-de-la-covid-19\\\/\",\"name\":\"Ressources sur la COVID-19 - CCOR\",\"isPartOf\":{\"@id\":\"https:\\\/\\\/ccor.cos-sco.ca\\\/#website\"},\"datePublished\":\"2021-06-07T13:34:05+00:00\",\"dateModified\":\"2026-02-09T11:01:28+00:00\",\"breadcrumb\":{\"@id\":\"https:\\\/\\\/ccor.cos-sco.ca\\\/fr\\\/ressources-de-la-covid-19\\\/#breadcrumb\"},\"inLanguage\":\"fr-FR\",\"potentialAction\":[{\"@type\":\"ReadAction\",\"target\":[\"https:\\\/\\\/ccor.cos-sco.ca\\\/fr\\\/ressources-de-la-covid-19\\\/\"]}]},{\"@type\":\"BreadcrumbList\",\"@id\":\"https:\\\/\\\/ccor.cos-sco.ca\\\/fr\\\/ressources-de-la-covid-19\\\/#breadcrumb\",\"itemListElement\":[{\"@type\":\"ListItem\",\"position\":1,\"name\":\"Home\",\"item\":\"https:\\\/\\\/ccor.cos-sco.ca\\\/fr\\\/\"},{\"@type\":\"ListItem\",\"position\":2,\"name\":\"Ressources sur la COVID-19\"}]},{\"@type\":\"WebSite\",\"@id\":\"https:\\\/\\\/ccor.cos-sco.ca\\\/#website\",\"url\":\"https:\\\/\\\/ccor.cos-sco.ca\\\/\",\"name\":\"CCOR\",\"description\":\"\",\"potentialAction\":[{\"@type\":\"SearchAction\",\"target\":{\"@type\":\"EntryPoint\",\"urlTemplate\":\"https:\\\/\\\/ccor.cos-sco.ca\\\/?s={search_term_string}\"},\"query-input\":{\"@type\":\"PropertyValueSpecification\",\"valueRequired\":true,\"valueName\":\"search_term_string\"}}],\"inLanguage\":\"fr-FR\"}]}<\/script>\n<!-- \/ Yoast SEO plugin. -->","yoast_head_json":{"title":"Ressources sur la COVID-19 - CCOR","robots":{"index":"index","follow":"follow","max-snippet":"max-snippet:-1","max-image-preview":"max-image-preview:large","max-video-preview":"max-video-preview:-1"},"canonical":"https:\/\/ccor.cos-sco.ca\/fr\/ressources-de-la-covid-19\/","og_locale":"fr_FR","og_type":"article","og_title":"Ressources sur la COVID-19 - CCOR","og_description":"\u00c0 mesure de l\u2019\u00e9volution de la pand\u00e9mie de COVID-19, le Carrefour de ressources pour la pratique de la Soci\u00e9t\u00e9 canadienne d\u2019ophtalmologie (CRP SCO) continuera de fournir des renseignements \u00e0 jour, nouveaux et pertinents pour votre pratique de l\u2019ophtalmologie.","og_url":"https:\/\/ccor.cos-sco.ca\/fr\/ressources-de-la-covid-19\/","og_site_name":"CCOR","article_modified_time":"2026-02-09T11:01:28+00:00","twitter_card":"summary_large_image","twitter_misc":{"Dur\u00e9e de lecture estim\u00e9e":"1 minute"},"schema":{"@context":"https:\/\/schema.org","@graph":[{"@type":"WebPage","@id":"https:\/\/ccor.cos-sco.ca\/fr\/ressources-de-la-covid-19\/","url":"https:\/\/ccor.cos-sco.ca\/fr\/ressources-de-la-covid-19\/","name":"Ressources sur la COVID-19 - CCOR","isPartOf":{"@id":"https:\/\/ccor.cos-sco.ca\/#website"},"datePublished":"2021-06-07T13:34:05+00:00","dateModified":"2026-02-09T11:01:28+00:00","breadcrumb":{"@id":"https:\/\/ccor.cos-sco.ca\/fr\/ressources-de-la-covid-19\/#breadcrumb"},"inLanguage":"fr-FR","potentialAction":[{"@type":"ReadAction","target":["https:\/\/ccor.cos-sco.ca\/fr\/ressources-de-la-covid-19\/"]}]},{"@type":"BreadcrumbList","@id":"https:\/\/ccor.cos-sco.ca\/fr\/ressources-de-la-covid-19\/#breadcrumb","itemListElement":[{"@type":"ListItem","position":1,"name":"Home","item":"https:\/\/ccor.cos-sco.ca\/fr\/"},{"@type":"ListItem","position":2,"name":"Ressources sur la COVID-19"}]},{"@type":"WebSite","@id":"https:\/\/ccor.cos-sco.ca\/#website","url":"https:\/\/ccor.cos-sco.ca\/","name":"CCOR","description":"","potentialAction":[{"@type":"SearchAction","target":{"@type":"EntryPoint","urlTemplate":"https:\/\/ccor.cos-sco.ca\/?s={search_term_string}"},"query-input":{"@type":"PropertyValueSpecification","valueRequired":true,"valueName":"search_term_string"}}],"inLanguage":"fr-FR"}]}},"publishpress_future_action":{"enabled":false,"date":"2026-04-22 19:31:32","action":"change-status","newStatus":"draft","terms":[],"taxonomy":"translation_priority","extraData":[]},"publishpress_future_workflow_manual_trigger":{"enabledWorkflows":[]},"_links":{"self":[{"href":"https:\/\/ccor.cos-sco.ca\/fr\/wp-json\/wp\/v2\/pages\/17722","targetHints":{"allow":["GET"]}}],"collection":[{"href":"https:\/\/ccor.cos-sco.ca\/fr\/wp-json\/wp\/v2\/pages"}],"about":[{"href":"https:\/\/ccor.cos-sco.ca\/fr\/wp-json\/wp\/v2\/types\/page"}],"author":[{"embeddable":true,"href":"https:\/\/ccor.cos-sco.ca\/fr\/wp-json\/wp\/v2\/users\/3"}],"replies":[{"embeddable":true,"href":"https:\/\/ccor.cos-sco.ca\/fr\/wp-json\/wp\/v2\/comments?post=17722"}],"version-history":[{"count":4,"href":"https:\/\/ccor.cos-sco.ca\/fr\/wp-json\/wp\/v2\/pages\/17722\/revisions"}],"predecessor-version":[{"id":29906,"href":"https:\/\/ccor.cos-sco.ca\/fr\/wp-json\/wp\/v2\/pages\/17722\/revisions\/29906"}],"wp:attachment":[{"href":"https:\/\/ccor.cos-sco.ca\/fr\/wp-json\/wp\/v2\/media?parent=17722"}],"curies":[{"name":"wp","href":"https:\/\/api.w.org\/{rel}","templated":true}]}}