{"id":18545,"date":"2021-05-31T09:54:54","date_gmt":"2021-05-31T13:54:54","guid":{"rendered":"https:\/\/prc.machinedev.ca\/about-the-prc\/"},"modified":"2026-02-09T06:01:11","modified_gmt":"2026-02-09T11:01:11","slug":"about-the-prc","status":"publish","type":"page","link":"https:\/\/ccor.cos-sco.ca\/fr\/about-the-prc\/","title":{"rendered":"\u00c0 propos du CRP"},"content":{"rendered":"\n<section class=\"section section--impact page-impact alignfull\">\n  <div class=\"impact-overlay\"><\/div>\n  <div class=\"parallax-bg\" style=\"background-image: url(https:\/\/ccor.cos-sco.ca\/wp-content\/uploads\/2021\/05\/glenn-carstens-peters-npxXWgQ33ZQ-unsplash.png); background-size: cover; background-position: center center;\"><\/div>\n  <div class=\"grid-container fade-up-and-in\">\n    <div class=\"grid-x\">\n      <div class=\"cell text-center\">\n                  <h1>\u00c0 propos du CRP<\/h1>\n                          <p>Fournir des ressources en ligne compl\u00e8tes aux ophtalmologistes, r\u00e9sidents et \u00e9tudiants en m\u00e9decine canadiens.<\/p>\n              <\/div>\n    <\/div>\n  <\/div>\n<\/section>\n\n\n\n<blockquote class=\"wp-block-quote is-layout-flow wp-block-quote-is-layout-flow\"><p>Le Carrefour de ressources pour la pratique (CRP) de la Soci\u00e9t\u00e9 canadienne d\u2019ophtalmologie (SCO) est un espace en ligne qui offre aux ophtalmologistes, aux m\u00e9decins r\u00e9sidents et aux \u00e9tudiants en m\u00e9decine tout un \u00e9ventail de ressources p\u00e9dagogiques. Le CRP vise \u00e0 permettre aux membres d\u2019acc\u00e9der \u00e0 des outils et des ressources de toutes sortes li\u00e9s \u00e0 la pratique de l\u2019ophtalmologie, y compris des occasions et des \u00e9v\u00e9nements de d\u00e9veloppement professionnel continu (DPC), des activit\u00e9s agr\u00e9\u00e9es et non agr\u00e9\u00e9es, des \u00e9nonc\u00e9s de principe et un contenu exclusivement canadien.<\/p><\/blockquote>\n\n\n\n<h4 class=\"has-pale-cyan-blue-background-color has-background wp-block-heading\">COMIT\u00c9 DU CRP<\/h4>\n\n\n\n<blockquote class=\"wp-block-quote is-layout-flow wp-block-quote-is-layout-flow\"><p>Le Comit\u00e9 du Carrefour de ressources pour la pratique (CRP) est charg\u00e9 de superviser le fonctionnement du site Web du CRP, qui vise \u00e0 permettre aux membres de la Soci\u00e9t\u00e9 canadienne d\u2019ophtalmologie (SCO) d\u2019acc\u00e9der \u00e0 des outils et des ressources de toutes sortes li\u00e9s \u00e0 la pratique de l\u2019ophtalmologie. Le Comit\u00e9 se compose de six (6) membres.<\/p><\/blockquote>\n\n\n\n<div class=\"wp-block-columns is-layout-flex wp-container-core-columns-is-layout-9d6595d7 wp-block-columns-is-layout-flex\">\n<div class=\"wp-block-column is-layout-flow wp-block-column-is-layout-flow\">\n<p> <strong>Christine Law, MD FRCSC<\/strong>, <strong><strong>Pr\u00e9sidente, Comit\u00e9 CRP<\/strong><\/strong><\/p>\n<\/div>\n\n\n\n<div class=\"wp-block-column is-layout-flow wp-block-column-is-layout-flow\">\n<p><strong>Zainab Khan, MD, FRCSC<\/strong> <strong>Membre du Comit\u00e9 CRP <\/strong><\/p>\n<\/div>\n\n\n\n<div class=\"wp-block-column is-layout-flow wp-block-column-is-layout-flow\">\n<p><strong>Deepa Yoganathan, MD, FRCSC<\/strong>, <strong>Membre du Comit\u00e9 CRP<\/strong> <\/p>\n<\/div>\n<\/div>\n\n\n\n<div class=\"wp-block-columns is-layout-flex wp-container-core-columns-is-layout-9d6595d7 wp-block-columns-is-layout-flex\">\n<div class=\"wp-block-column is-layout-flow wp-block-column-is-layout-flow\">\n<p><strong>Anastasia Neufeld MD, <strong>Membre du Comit\u00e9 CRP<\/strong><\/strong><\/p>\n<\/div>\n\n\n\n<div class=\"wp-block-column is-layout-flow wp-block-column-is-layout-flow\">\n<p><strong>Cody Lo, MD, (r\u00e9sident)<\/strong> <strong>Membre du Comit\u00e9 CRP<\/strong><\/p>\n<\/div>\n\n\n\n<div class=\"wp-block-column is-layout-flow wp-block-column-is-layout-flow\">\n<p><strong>Vacant position, Membre du Comit\u00e9 CRP<\/strong><\/p>\n<\/div>\n<\/div>\n\n\n\n<h4 class=\"has-pale-cyan-blue-background-color has-background wp-block-heading\">PARTICIPEZ AU PROCESSUS<\/h4>\n\n\n\n<p>Tout membre de la Soci\u00e9t\u00e9 canadienne d\u2019ophtalmologie (SCO) peut poser sa candidature pour si\u00e9ger au comit\u00e9 du Carrefour de ressources pour la pratique (CRP) de la Soci\u00e9t\u00e9, \u00e0 mesure que des postes deviennent vacants. Pour si\u00e9ger \u00e0 ce comit\u00e9, les int\u00e9ress\u00e9s doivent \u00eatre membres actifs de la SCO. Les membres du comit\u00e9 sont choisis par le pr\u00e9sident du CRP en fonction de leurs connaissances, des besoins, de consid\u00e9rations professionnelles et de donn\u00e9es d\u00e9mographiques (p. ex., le lieu o\u00f9 ils se trouvent au Canada).<\/p>\n\n\n\n<div class=\"wp-block-buttons is-content-justification-center is-layout-flex wp-block-buttons-is-layout-flex\">\n<div class=\"wp-block-button\"><a class=\"wp-block-button__link no-border-radius\" href=\"mailto:prc@cos-sco.ca\">Soumettre votre int\u00e9r\u00eat ici<\/a><\/div>\n<\/div>\n\n\n\n<p><\/p>\n","protected":false},"excerpt":{"rendered":"<p>Le Carrefour de ressources pour la pratique (CRP) de la Soci\u00e9t\u00e9 canadienne d\u2019ophtalmologie (SCO) est un espace en ligne qui offre aux ophtalmologistes, aux m\u00e9decins r\u00e9sidents et aux \u00e9tudiants en m\u00e9decine tout un \u00e9ventail de ressources p\u00e9dagogiques. Le CRP vise \u00e0 permettre aux membres d\u2019acc\u00e9der \u00e0 des outils et des ressources de toutes sortes li\u00e9s [&hellip;]<\/p>\n","protected":false},"author":3,"featured_media":0,"parent":0,"menu_order":0,"comment_status":"closed","ping_status":"closed","template":"","meta":{"_acf_changed":false,"footnotes":""},"class_list":["post-18545","page","type-page","status-publish","hentry"],"acf":[],"yoast_head":"<!-- This site is optimized with the Yoast SEO plugin v27.3 - https:\/\/yoast.com\/product\/yoast-seo-wordpress\/ -->\n<title>\u00c0 propos du CRP - CCOR<\/title>\n<meta name=\"robots\" content=\"index, follow, max-snippet:-1, max-image-preview:large, max-video-preview:-1\" \/>\n<link rel=\"canonical\" href=\"https:\/\/ccor.cos-sco.ca\/fr\/about-the-prc\/\" \/>\n<meta property=\"og:locale\" content=\"fr_FR\" \/>\n<meta property=\"og:type\" content=\"article\" \/>\n<meta property=\"og:title\" content=\"\u00c0 propos du CRP - CCOR\" \/>\n<meta property=\"og:description\" content=\"Le Carrefour de ressources pour la pratique (CRP) de la Soci\u00e9t\u00e9 canadienne d\u2019ophtalmologie (SCO) est un espace en ligne qui offre aux ophtalmologistes, aux m\u00e9decins r\u00e9sidents et aux \u00e9tudiants en m\u00e9decine tout un \u00e9ventail de ressources p\u00e9dagogiques. Le CRP vise \u00e0 permettre aux membres d\u2019acc\u00e9der \u00e0 des outils et des ressources de toutes sortes li\u00e9s [&hellip;]\" \/>\n<meta property=\"og:url\" content=\"https:\/\/ccor.cos-sco.ca\/fr\/about-the-prc\/\" \/>\n<meta property=\"og:site_name\" content=\"CCOR\" \/>\n<meta property=\"article:modified_time\" content=\"2026-02-09T11:01:11+00:00\" \/>\n<meta name=\"twitter:card\" content=\"summary_large_image\" \/>\n<meta name=\"twitter:label1\" content=\"Dur\u00e9e de lecture estim\u00e9e\" \/>\n\t<meta name=\"twitter:data1\" content=\"2 minutes\" \/>\n<script type=\"application\/ld+json\" class=\"yoast-schema-graph\">{\"@context\":\"https:\\\/\\\/schema.org\",\"@graph\":[{\"@type\":\"WebPage\",\"@id\":\"https:\\\/\\\/ccor.cos-sco.ca\\\/fr\\\/about-the-prc\\\/\",\"url\":\"https:\\\/\\\/ccor.cos-sco.ca\\\/fr\\\/about-the-prc\\\/\",\"name\":\"\u00c0 propos du CRP - CCOR\",\"isPartOf\":{\"@id\":\"https:\\\/\\\/ccor.cos-sco.ca\\\/#website\"},\"datePublished\":\"2021-05-31T13:54:54+00:00\",\"dateModified\":\"2026-02-09T11:01:11+00:00\",\"breadcrumb\":{\"@id\":\"https:\\\/\\\/ccor.cos-sco.ca\\\/fr\\\/about-the-prc\\\/#breadcrumb\"},\"inLanguage\":\"fr-FR\",\"potentialAction\":[{\"@type\":\"ReadAction\",\"target\":[\"https:\\\/\\\/ccor.cos-sco.ca\\\/fr\\\/about-the-prc\\\/\"]}]},{\"@type\":\"BreadcrumbList\",\"@id\":\"https:\\\/\\\/ccor.cos-sco.ca\\\/fr\\\/about-the-prc\\\/#breadcrumb\",\"itemListElement\":[{\"@type\":\"ListItem\",\"position\":1,\"name\":\"Home\",\"item\":\"https:\\\/\\\/ccor.cos-sco.ca\\\/fr\\\/\"},{\"@type\":\"ListItem\",\"position\":2,\"name\":\"\u00c0 propos du CRP\"}]},{\"@type\":\"WebSite\",\"@id\":\"https:\\\/\\\/ccor.cos-sco.ca\\\/#website\",\"url\":\"https:\\\/\\\/ccor.cos-sco.ca\\\/\",\"name\":\"CCOR\",\"description\":\"\",\"potentialAction\":[{\"@type\":\"SearchAction\",\"target\":{\"@type\":\"EntryPoint\",\"urlTemplate\":\"https:\\\/\\\/ccor.cos-sco.ca\\\/?s={search_term_string}\"},\"query-input\":{\"@type\":\"PropertyValueSpecification\",\"valueRequired\":true,\"valueName\":\"search_term_string\"}}],\"inLanguage\":\"fr-FR\"}]}<\/script>\n<!-- \/ Yoast SEO plugin. -->","yoast_head_json":{"title":"\u00c0 propos du CRP - CCOR","robots":{"index":"index","follow":"follow","max-snippet":"max-snippet:-1","max-image-preview":"max-image-preview:large","max-video-preview":"max-video-preview:-1"},"canonical":"https:\/\/ccor.cos-sco.ca\/fr\/about-the-prc\/","og_locale":"fr_FR","og_type":"article","og_title":"\u00c0 propos du CRP - CCOR","og_description":"Le Carrefour de ressources pour la pratique (CRP) de la Soci\u00e9t\u00e9 canadienne d\u2019ophtalmologie (SCO) est un espace en ligne qui offre aux ophtalmologistes, aux m\u00e9decins r\u00e9sidents et aux \u00e9tudiants en m\u00e9decine tout un \u00e9ventail de ressources p\u00e9dagogiques. Le CRP vise \u00e0 permettre aux membres d\u2019acc\u00e9der \u00e0 des outils et des ressources de toutes sortes li\u00e9s [&hellip;]","og_url":"https:\/\/ccor.cos-sco.ca\/fr\/about-the-prc\/","og_site_name":"CCOR","article_modified_time":"2026-02-09T11:01:11+00:00","twitter_card":"summary_large_image","twitter_misc":{"Dur\u00e9e de lecture estim\u00e9e":"2 minutes"},"schema":{"@context":"https:\/\/schema.org","@graph":[{"@type":"WebPage","@id":"https:\/\/ccor.cos-sco.ca\/fr\/about-the-prc\/","url":"https:\/\/ccor.cos-sco.ca\/fr\/about-the-prc\/","name":"\u00c0 propos du CRP - CCOR","isPartOf":{"@id":"https:\/\/ccor.cos-sco.ca\/#website"},"datePublished":"2021-05-31T13:54:54+00:00","dateModified":"2026-02-09T11:01:11+00:00","breadcrumb":{"@id":"https:\/\/ccor.cos-sco.ca\/fr\/about-the-prc\/#breadcrumb"},"inLanguage":"fr-FR","potentialAction":[{"@type":"ReadAction","target":["https:\/\/ccor.cos-sco.ca\/fr\/about-the-prc\/"]}]},{"@type":"BreadcrumbList","@id":"https:\/\/ccor.cos-sco.ca\/fr\/about-the-prc\/#breadcrumb","itemListElement":[{"@type":"ListItem","position":1,"name":"Home","item":"https:\/\/ccor.cos-sco.ca\/fr\/"},{"@type":"ListItem","position":2,"name":"\u00c0 propos du CRP"}]},{"@type":"WebSite","@id":"https:\/\/ccor.cos-sco.ca\/#website","url":"https:\/\/ccor.cos-sco.ca\/","name":"CCOR","description":"","potentialAction":[{"@type":"SearchAction","target":{"@type":"EntryPoint","urlTemplate":"https:\/\/ccor.cos-sco.ca\/?s={search_term_string}"},"query-input":{"@type":"PropertyValueSpecification","valueRequired":true,"valueName":"search_term_string"}}],"inLanguage":"fr-FR"}]}},"publishpress_future_action":{"enabled":false,"date":"2026-04-11 01:36:41","action":"change-status","newStatus":"draft","terms":[],"taxonomy":"translation_priority","extraData":[]},"publishpress_future_workflow_manual_trigger":{"enabledWorkflows":[]},"_links":{"self":[{"href":"https:\/\/ccor.cos-sco.ca\/fr\/wp-json\/wp\/v2\/pages\/18545","targetHints":{"allow":["GET"]}}],"collection":[{"href":"https:\/\/ccor.cos-sco.ca\/fr\/wp-json\/wp\/v2\/pages"}],"about":[{"href":"https:\/\/ccor.cos-sco.ca\/fr\/wp-json\/wp\/v2\/types\/page"}],"author":[{"embeddable":true,"href":"https:\/\/ccor.cos-sco.ca\/fr\/wp-json\/wp\/v2\/users\/3"}],"replies":[{"embeddable":true,"href":"https:\/\/ccor.cos-sco.ca\/fr\/wp-json\/wp\/v2\/comments?post=18545"}],"version-history":[{"count":4,"href":"https:\/\/ccor.cos-sco.ca\/fr\/wp-json\/wp\/v2\/pages\/18545\/revisions"}],"predecessor-version":[{"id":29900,"href":"https:\/\/ccor.cos-sco.ca\/fr\/wp-json\/wp\/v2\/pages\/18545\/revisions\/29900"}],"wp:attachment":[{"href":"https:\/\/ccor.cos-sco.ca\/fr\/wp-json\/wp\/v2\/media?parent=18545"}],"curies":[{"name":"wp","href":"https:\/\/api.w.org\/{rel}","templated":true}]}}