{"id":30034,"date":"2024-07-29T01:47:46","date_gmt":"2024-07-29T05:47:46","guid":{"rendered":"https:\/\/ccor.cos-sco.ca\/?page_id=30034"},"modified":"2026-02-09T14:40:35","modified_gmt":"2026-02-09T19:40:35","slug":"__trashed","status":"publish","type":"page","link":"https:\/\/ccor.cos-sco.ca\/fr\/__trashed\/","title":{"rendered":"Congr\u00e8s de la SCO"},"content":{"rendered":"\n<div style=\"height:75px\" aria-hidden=\"true\" class=\"wp-block-spacer\"><\/div>\n\n\n<h1 class=\"has-text-align-center has-link-color wp-elements-bc76c291a7e09a094cb3f8ec4369ea44 wp-block-post-title has-text-color has-black-color has-x-large-font-size\">Congr\u00e8s de la SCO<\/h1>\n\n\n<div style=\"height:40px\" aria-hidden=\"true\" class=\"wp-block-spacer\"><\/div>\n\n\n\n<p>Chaque ann\u00e9e, le CCRO assure une pr\u00e9sence marqu\u00e9e au Congr\u00e8s annuel de la SCO gr\u00e2ce \u00e0 diff\u00e9rentes activit\u00e9s destin\u00e9es aux jeunes ophtalmologistes.<\/p>\n\n\n\n<h2 class=\"wp-block-heading\">Symposium des jeunes ophtalmologistes<\/h2>\n\n\n\n<p>Il s\u2019agit du symposium par excellence du CCRO, qui se d\u00e9roule durant une demi-journ\u00e9e dans le cadre du Congr\u00e8s annuel de la SCO. Il rassemble des r\u00e9sidents de partout au Canada qui se familiariseront avec diff\u00e9rents sujets pertinents pour les stagiaires pr\u00e9sent\u00e9s par des conf\u00e9renciers renomm\u00e9s \u00e0 l\u2019\u00e9chelle nationale et internationale.<\/p>\n\n\n\n<ul class=\"wp-block-list\">\n<li><a href=\"https:\/\/sites.grenadine.co\/sites\/cos-sco\/fr\/2025-cos-meeting-and-exhibition-vancouver\/schedule\/19536\/Young%20Ophthalmologists%20%28YO%29%20Symposium%3A%20Empowering%20the%20Future%20of%20Ophthalmology%20in%20Canada?platform=\" type=\"link\" id=\"https:\/\/sites.grenadine.co\/sites\/cos-sco\/fr\/2025-cos-meeting-and-exhibition-vancouver\/schedule\/19536\/Young%20Ophthalmologists%20%28YO%29%20Symposium%3A%20Empowering%20the%20Future%20of%20Ophthalmology%20in%20Canada?platform=\" target=\"_blank\" rel=\"noreferrer noopener\">Vancouver 2025<\/a><\/li>\n\n\n\n<li><a href=\"https:\/\/cos-sco.secure-platform.com\/site\/solicitations\/102001\/sessiongallery\/schedule\/items\/94060\" target=\"_blank\" rel=\"noreferrer noopener\">Toronto 2024<\/a><\/li>\n\n\n\n<li><a href=\"https:\/\/sites.grenadine.co\/sites\/cos-sco\/fr\/2023-cos-annual-meeting-and-exhibition\/schedule\/13659\/Symposium%20for%20Young%20Ophthalmologists%3A%20Intro%20into%20Practice%3A%20Residents%E2%80%99%20guide%20for%20personal%20growth\" target=\"_blank\" rel=\"noreferrer noopener\">Quebec City 2023<\/a><\/li>\n\n\n\n<li><a href=\"https:\/\/sites.grenadine.co\/sites\/cos-sco\/fr\/2022-cos-annual-meeting-and-exhibition\/schedule\/8608\/How%20to%20Excel%20in%20Residency%20and%20Beyond\" target=\"_blank\" rel=\"noreferrer noopener\">Halifax 2022<\/a><\/li>\n\n\n\n<li><a href=\"https:\/\/sites.grenadine.co\/sites\/cos-sco\/fr\/cos2021\/schedule\/7259\/Community%20Ophthalmology%3A%20The%20World%20Beyond%20Academia\" target=\"_blank\" rel=\"noreferrer noopener\">Congr\u00e8s virtuel 2021<\/a><\/li>\n\n\n\n<li><a href=\"https:\/\/www.youtube.com\/watch?v=lNQobPbfGH0\" target=\"_blank\" rel=\"noreferrer noopener\">Vancouver 2020 (virtual)<\/a><\/li>\n\n\n\n<li><a href=\"https:\/\/sites.grenadine.co\/sites\/cos-sco\/fr\/quebec2019\/schedule\/2875\/%20Engaging%20the%20Future%20of%20Ophthalmology%20%E2%80%93%20How%20can%20we%20prepare%20our%20in-training%20physicians%20for%20the%20future%3F\" target=\"_blank\" rel=\"noreferrer noopener\">Quebec city 2019<\/a><\/li>\n\n\n\n<li><a href=\"https:\/\/sites.grenadine.co\/sites\/cos-sco\/fr\/toronto2018\/schedule\/190\/Words%20from%20the%20Wise%3A%20Personal%20and%20professional%20perspectives%20for%20the%20young%20ophthalmologist\" target=\"_blank\" rel=\"noreferrer noopener\">Toronto 2018<\/a><\/li>\n\n\n\n<li><a href=\"https:\/\/cos-sco.ca\/montreal2017\/en\/program-at-a-glance\/residents-and-young-ophthalmologists\/index.html\" target=\"_blank\" rel=\"noreferrer noopener\">Montreal 2017<\/a><\/li>\n\n\n\n<li><a href=\"https:\/\/cos-sco.ca\/ottawa2016\/en\/symposium-for-young-ophthalmologists-and-residents\/index.html\" target=\"_blank\" rel=\"noreferrer noopener\">Ottawa 2016<\/a><\/li>\n\n\n\n<li><a href=\"https:\/\/www.cos-sco.ca\/victoria2015\/residents-and-young-ophthalmologists-symposium\/\" target=\"_blank\" rel=\"noreferrer noopener\">Victoria 2015<\/a><\/li>\n\n\n\n<li><a href=\"https:\/\/www.cos-sco.ca\/halifax2014\/program\/residents_e.php\" target=\"_blank\" rel=\"noreferrer noopener\">Halifax 2014<\/a><\/li>\n\n\n\n<li><a href=\"https:\/\/www.cos-sco.ca\/Montreal2013\/program\/Residents_f.php.html\" target=\"_blank\" rel=\"noreferrer noopener\">Montreal 2013<\/a><\/li>\n\n\n\n<li><a href=\"https:\/\/www.cos-sco.ca\/toronto2012\/program\/residents_f.php.html\" target=\"_blank\" rel=\"noreferrer noopener\">Toronto 2012<\/a><\/li>\n\n\n\n<li><a href=\"https:\/\/www.cos-sco.ca\/vancouver2011\/program\/Residents_e.php.html\" target=\"_blank\" rel=\"noreferrer noopener\">Vancouver 2011<\/a><\/li>\n\n\n\n<li><a href=\"https:\/\/www.cos-sco.ca\/annualmeeting\/2010\/program\/residents_f.php\" target=\"_blank\" rel=\"noreferrer noopener\">Quebec 2010<\/a><\/li>\n<\/ul>\n\n\n\n<h2 class=\"wp-block-heading\">Symposium des \u00e9tudiants en m\u00e9decine<\/h2>\n\n\n\n<p>Fond\u00e9 en 2023, le CCRO aide \u00e0 organiser un symposium d\u2019une demi-journ\u00e9e consacr\u00e9 aux \u00e9tudiants en m\u00e9decine, en collaboration avec le Groupe \u00e9tudiant canadien d\u2019int\u00e9r\u00eat en ophtalmologie (GECIO). Les r\u00e9sidents participent au symposium en animant des s\u00e9ances de mentorat et des ateliers pratiques de comp\u00e9tences cliniques.<\/p>\n\n\n\n<ul class=\"wp-block-list\">\n<li><a href=\"https:\/\/sites.grenadine.co\/sites\/cos-sco\/fr\/2025-cos-meeting-and-exhibition-vancouver\/schedule\/19533\/Medical%20Student%20Symposium?platform=\" target=\"_blank\" rel=\"noreferrer noopener\">Vancouver 2025<\/a><\/li>\n\n\n\n<li><a href=\"https:\/\/cos-sco.secure-platform.com\/site\/solicitations\/102001\/sessiongallery\/schedule\/items\/94099\" target=\"_blank\" rel=\"noreferrer noopener\">Toronto 2024<\/a><\/li>\n\n\n\n<li><a href=\"https:\/\/sites.grenadine.co\/sites\/cos-sco\/fr\/2023-cos-annual-meeting-and-exhibition\/schedule\/13683\/Medical%20Student%20Symposium%3A%20Building%20a%20Foundation%20in%20Clinical%20Ophthalmology\" type=\"link\" id=\"https:\/\/sites.grenadine.co\/sites\/cos-sco\/fr\/2023-cos-annual-meeting-and-exhibition\/schedule\/13683\/Medical%20Student%20Symposium%3A%20Building%20a%20Foundation%20in%20Clinical%20Ophthalmology\" target=\"_blank\" rel=\"noreferrer noopener\">Quebec City 2023<\/a><\/li>\n<\/ul>\n\n\n\n<h2 class=\"wp-block-heading\">Prix de conf\u00e9rence de la Fondation de la SCO<\/h2>\n\n\n\n<p>Avec l\u2019appui de la Fondation de la SCO, le CCRO et le GECIO r\u00e9compensent un ophtalmologiste canadien ayant apport\u00e9 des contributions remarquables \u00e0 la formation m\u00e9dicale et au bien-\u00eatre des stagiaires. En plus de recevoir un financement pour leur d\u00e9placement, les laur\u00e9ats sont invit\u00e9s \u00e0 prononcer la conf\u00e9rence principale au Symposium des \u00e9tudiants en m\u00e9decine sur un sujet de leur choix.<\/p>\n\n\n\n<p>Anciens laur\u00e9ats :<\/p>\n\n\n\n<ul class=\"wp-block-list\">\n<li>D<sup>r<\/sup> Hall Chew (2025)<\/li>\n\n\n\n<li>D<sup>re<\/sup> Radha Kohly (2024)<\/li>\n\n\n\n<li>D<sup>re<\/sup> Agnes Wong (2023)<\/li>\n<\/ul>\n\n\n\n<h2 class=\"wp-block-heading\">Cours de transfert de comp\u00e9tences<\/h2>\n\n\n\n<p>Le CCRO a \u00e9galement particip\u00e9 \u00e0 l\u2019organisation de laboratoires exp\u00e9rimentaux gratuits r\u00e9serv\u00e9s exclusivement aux r\u00e9sidents et aux \u00e9tudiants en m\u00e9decine dans le cadre du Congr\u00e8s annuel de la SCO.<\/p>\n\n\n\n<ul class=\"wp-block-list\">\n<li><a href=\"https:\/\/sites.grenadine.co\/sites\/cos-sco\/fr\/2025-cos-meeting-and-exhibition-vancouver\/schedule\/19688\/Workshop%3A%20Building%20Precision%20Corneal%20Suturing%20and%20Scleral%20Passes%20for%20the%20Developing%20Ophthalmologist?platform=\" type=\"link\" id=\"https:\/\/sites.grenadine.co\/sites\/cos-sco\/fr\/2025-cos-meeting-and-exhibition-vancouver\/schedule\/19688\/Workshop%3A%20Building%20Precision%20Corneal%20Suturing%20and%20Scleral%20Passes%20for%20the%20Developing%20Ophthalmologist?platform=\">Suture de la corn\u00e9e et passages scl\u00e9raux pour les r\u00e9sidents (Vancouver 2025)<\/a><\/li>\n\n\n\n<li><a href=\"https:\/\/cos-sco.secure-platform.com\/site\/solicitations\/102001\/sessiongallery\/schedule\/items\/94110\" type=\"link\" id=\"https:\/\/cos-sco.secure-platform.com\/site\/solicitations\/102001\/sessiongallery\/schedule\/items\/94110\">S\u00e9ance en p\u00e9diatrie pour les r\u00e9sidents (Toronto 2024)<\/a><\/li>\n\n\n\n<li><a href=\"https:\/\/cos-sco.secure-platform.com\/site\/solicitations\/102001\/sessiongallery\/schedule\/items\/94111\" type=\"link\" id=\"https:\/\/cos-sco.secure-platform.com\/site\/solicitations\/102001\/sessiongallery\/schedule\/items\/94111\">S\u00e9ance en p\u00e9diatrie pour les \u00e9tudiants en m\u00e9decine (Toronto 2024)<\/a><\/li>\n<\/ul>\n","protected":false},"excerpt":{"rendered":"<p>Chaque ann\u00e9e, le CCRO assure une pr\u00e9sence marqu\u00e9e au Congr\u00e8s annuel de la SCO gr\u00e2ce \u00e0 diff\u00e9rentes activit\u00e9s destin\u00e9es aux jeunes ophtalmologistes. Symposium des jeunes ophtalmologistes Il s\u2019agit du symposium par excellence du CCRO, qui se d\u00e9roule durant une demi-journ\u00e9e dans le cadre du Congr\u00e8s annuel de la SCO. Il rassemble des r\u00e9sidents de partout [&hellip;]<\/p>\n","protected":false},"author":56072,"featured_media":0,"parent":0,"menu_order":2,"comment_status":"closed","ping_status":"closed","template":"","meta":{"_acf_changed":false,"footnotes":""},"class_list":["post-30034","page","type-page","status-publish","hentry"],"acf":[],"yoast_head":"<!-- This site is optimized with the Yoast SEO plugin v27.3 - https:\/\/yoast.com\/product\/yoast-seo-wordpress\/ -->\n<title>Congr\u00e8s de la SCO - Meeting and Events - CCOR<\/title>\n<meta name=\"description\" content=\"Explore the COS PRC calendar! COS PRC keeps the calendar up-to-date with the latest meetings and events. Check it out!\" \/>\n<meta name=\"robots\" content=\"index, follow, max-snippet:-1, max-image-preview:large, max-video-preview:-1\" \/>\n<link rel=\"canonical\" href=\"https:\/\/ccor.cos-sco.ca\/fr\/__trashed\/\" \/>\n<meta property=\"og:locale\" content=\"fr_FR\" \/>\n<meta property=\"og:type\" content=\"article\" \/>\n<meta property=\"og:title\" content=\"Congr\u00e8s de la SCO - Meeting and Events - CCOR\" \/>\n<meta property=\"og:description\" content=\"Explore the COS PRC calendar! COS PRC keeps the calendar up-to-date with the latest meetings and events. Check it out!\" \/>\n<meta property=\"og:url\" content=\"https:\/\/ccor.cos-sco.ca\/fr\/__trashed\/\" \/>\n<meta property=\"og:site_name\" content=\"CCOR\" \/>\n<meta property=\"article:modified_time\" content=\"2026-02-09T19:40:35+00:00\" \/>\n<meta name=\"twitter:card\" content=\"summary_large_image\" \/>\n<meta name=\"twitter:label1\" content=\"Dur\u00e9e de lecture estim\u00e9e\" \/>\n\t<meta name=\"twitter:data1\" content=\"2 minutes\" \/>\n<script type=\"application\/ld+json\" class=\"yoast-schema-graph\">{\"@context\":\"https:\\\/\\\/schema.org\",\"@graph\":[{\"@type\":\"WebPage\",\"@id\":\"https:\\\/\\\/ccor.cos-sco.ca\\\/fr\\\/__trashed\\\/\",\"url\":\"https:\\\/\\\/ccor.cos-sco.ca\\\/fr\\\/__trashed\\\/\",\"name\":\"Congr\u00e8s de la SCO - Meeting and Events - CCOR\",\"isPartOf\":{\"@id\":\"https:\\\/\\\/ccor.cos-sco.ca\\\/#website\"},\"datePublished\":\"2024-07-29T05:47:46+00:00\",\"dateModified\":\"2026-02-09T19:40:35+00:00\",\"description\":\"Explore the COS PRC calendar! COS PRC keeps the calendar up-to-date with the latest meetings and events. Check it out!\",\"breadcrumb\":{\"@id\":\"https:\\\/\\\/ccor.cos-sco.ca\\\/fr\\\/__trashed\\\/#breadcrumb\"},\"inLanguage\":\"fr-FR\",\"potentialAction\":[{\"@type\":\"ReadAction\",\"target\":[\"https:\\\/\\\/ccor.cos-sco.ca\\\/fr\\\/__trashed\\\/\"]}]},{\"@type\":\"BreadcrumbList\",\"@id\":\"https:\\\/\\\/ccor.cos-sco.ca\\\/fr\\\/__trashed\\\/#breadcrumb\",\"itemListElement\":[{\"@type\":\"ListItem\",\"position\":1,\"name\":\"Home\",\"item\":\"https:\\\/\\\/ccor.cos-sco.ca\\\/fr\\\/\"},{\"@type\":\"ListItem\",\"position\":2,\"name\":\"Congr\u00e8s de la SCO\"}]},{\"@type\":\"WebSite\",\"@id\":\"https:\\\/\\\/ccor.cos-sco.ca\\\/#website\",\"url\":\"https:\\\/\\\/ccor.cos-sco.ca\\\/\",\"name\":\"CCOR\",\"description\":\"\",\"potentialAction\":[{\"@type\":\"SearchAction\",\"target\":{\"@type\":\"EntryPoint\",\"urlTemplate\":\"https:\\\/\\\/ccor.cos-sco.ca\\\/?s={search_term_string}\"},\"query-input\":{\"@type\":\"PropertyValueSpecification\",\"valueRequired\":true,\"valueName\":\"search_term_string\"}}],\"inLanguage\":\"fr-FR\"}]}<\/script>\n<!-- \/ Yoast SEO plugin. -->","yoast_head_json":{"title":"Congr\u00e8s de la SCO - Meeting and Events - CCOR","description":"Explore the COS PRC calendar! COS PRC keeps the calendar up-to-date with the latest meetings and events. Check it out!","robots":{"index":"index","follow":"follow","max-snippet":"max-snippet:-1","max-image-preview":"max-image-preview:large","max-video-preview":"max-video-preview:-1"},"canonical":"https:\/\/ccor.cos-sco.ca\/fr\/__trashed\/","og_locale":"fr_FR","og_type":"article","og_title":"Congr\u00e8s de la SCO - Meeting and Events - CCOR","og_description":"Explore the COS PRC calendar! COS PRC keeps the calendar up-to-date with the latest meetings and events. Check it out!","og_url":"https:\/\/ccor.cos-sco.ca\/fr\/__trashed\/","og_site_name":"CCOR","article_modified_time":"2026-02-09T19:40:35+00:00","twitter_card":"summary_large_image","twitter_misc":{"Dur\u00e9e de lecture estim\u00e9e":"2 minutes"},"schema":{"@context":"https:\/\/schema.org","@graph":[{"@type":"WebPage","@id":"https:\/\/ccor.cos-sco.ca\/fr\/__trashed\/","url":"https:\/\/ccor.cos-sco.ca\/fr\/__trashed\/","name":"Congr\u00e8s de la SCO - Meeting and Events - CCOR","isPartOf":{"@id":"https:\/\/ccor.cos-sco.ca\/#website"},"datePublished":"2024-07-29T05:47:46+00:00","dateModified":"2026-02-09T19:40:35+00:00","description":"Explore the COS PRC calendar! COS PRC keeps the calendar up-to-date with the latest meetings and events. Check it out!","breadcrumb":{"@id":"https:\/\/ccor.cos-sco.ca\/fr\/__trashed\/#breadcrumb"},"inLanguage":"fr-FR","potentialAction":[{"@type":"ReadAction","target":["https:\/\/ccor.cos-sco.ca\/fr\/__trashed\/"]}]},{"@type":"BreadcrumbList","@id":"https:\/\/ccor.cos-sco.ca\/fr\/__trashed\/#breadcrumb","itemListElement":[{"@type":"ListItem","position":1,"name":"Home","item":"https:\/\/ccor.cos-sco.ca\/fr\/"},{"@type":"ListItem","position":2,"name":"Congr\u00e8s de la SCO"}]},{"@type":"WebSite","@id":"https:\/\/ccor.cos-sco.ca\/#website","url":"https:\/\/ccor.cos-sco.ca\/","name":"CCOR","description":"","potentialAction":[{"@type":"SearchAction","target":{"@type":"EntryPoint","urlTemplate":"https:\/\/ccor.cos-sco.ca\/?s={search_term_string}"},"query-input":{"@type":"PropertyValueSpecification","valueRequired":true,"valueName":"search_term_string"}}],"inLanguage":"fr-FR"}]}},"publishpress_future_action":{"enabled":false,"date":"2026-04-11 01:23:13","action":"change-status","newStatus":"draft","terms":[],"taxonomy":"translation_priority","extraData":[]},"publishpress_future_workflow_manual_trigger":{"enabledWorkflows":[]},"_links":{"self":[{"href":"https:\/\/ccor.cos-sco.ca\/fr\/wp-json\/wp\/v2\/pages\/30034","targetHints":{"allow":["GET"]}}],"collection":[{"href":"https:\/\/ccor.cos-sco.ca\/fr\/wp-json\/wp\/v2\/pages"}],"about":[{"href":"https:\/\/ccor.cos-sco.ca\/fr\/wp-json\/wp\/v2\/types\/page"}],"author":[{"embeddable":true,"href":"https:\/\/ccor.cos-sco.ca\/fr\/wp-json\/wp\/v2\/users\/56072"}],"replies":[{"embeddable":true,"href":"https:\/\/ccor.cos-sco.ca\/fr\/wp-json\/wp\/v2\/comments?post=30034"}],"version-history":[{"count":3,"href":"https:\/\/ccor.cos-sco.ca\/fr\/wp-json\/wp\/v2\/pages\/30034\/revisions"}],"predecessor-version":[{"id":30237,"href":"https:\/\/ccor.cos-sco.ca\/fr\/wp-json\/wp\/v2\/pages\/30034\/revisions\/30237"}],"wp:attachment":[{"href":"https:\/\/ccor.cos-sco.ca\/fr\/wp-json\/wp\/v2\/media?parent=30034"}],"curies":[{"name":"wp","href":"https:\/\/api.w.org\/{rel}","templated":true}]}}