{"id":30217,"date":"2024-05-09T09:25:22","date_gmt":"2024-05-09T13:25:22","guid":{"rendered":"https:\/\/ccor.cos-sco.ca\/about\/"},"modified":"2026-02-09T14:01:17","modified_gmt":"2026-02-09T19:01:17","slug":"about","status":"publish","type":"page","link":"https:\/\/ccor.cos-sco.ca\/fr\/about\/","title":{"rendered":"\u00c0 notre sujet"},"content":{"rendered":"\n<div style=\"height:75px\" aria-hidden=\"true\" class=\"wp-block-spacer\"><\/div>\n\n\n<h1 class=\"has-text-align-center has-link-color wp-elements-bc76c291a7e09a094cb3f8ec4369ea44 wp-block-post-title has-text-color has-black-color has-x-large-font-size\">\u00c0 notre sujet<\/h1>\n\n\n<section class=\"section section--text-with-image\" >\n  <div class=\"grid-container\">\n    <div class=\"grid-x grid-padding-x align-middle\">\n      <div class=\"cell medium-6 medium-order-2\">\n                  <h3>Mission<\/h3>\n                <p>Les plateformes suivantes servent de base \u00e0 nos activit\u00e9s<\/p>\n<ul>\n<li style=\"font-weight: 400;\" aria-level=\"1\"><span style=\"font-weight: 400;\">Offrir une voix forte aux r\u00e9sidents en ophtalmologie de tout le pays en repr\u00e9sentant et en consolidant leurs int\u00e9r\u00eats et leurs besoins.<\/span><\/li>\n<li style=\"font-weight: 400;\" aria-level=\"1\"><span style=\"font-weight: 400;\">Encourager l\u2019excellence de la formation en ophtalmologie au Canada en ciblant les enjeux courants per\u00e7us par les r\u00e9sidents canadiens et en travaillant ensemble \u00e0 la recherche de solutions.<\/span><\/li>\n<li style=\"font-weight: 400;\" aria-level=\"1\"><span style=\"font-weight: 400;\">Lancer des projets de recherche qui mobilisent les r\u00e9sidents de partout au pays et encourager les efforts collaboratifs.<\/span><\/li>\n<li style=\"font-weight: 400;\" aria-level=\"1\"><span style=\"font-weight: 400;\">Aider les r\u00e9sidents dans la planification de leurs stages de recherche et de leur carri\u00e8re.<\/span><\/li>\n<li style=\"font-weight: 400;\" aria-level=\"1\"><span style=\"font-weight: 400;\">Sensibiliser aux d\u00e9fis futurs que vivront les jeunes ophtalmologistes et offrir une plateforme pour la d\u00e9fense de leurs int\u00e9r\u00eats.<\/span><\/li>\n<\/ul>\n      <\/div>\n      <div class=\"cell medium-6 medium-order-1\">\n                  <img decoding=\"async\" src=\"https:\/\/ccor.cos-sco.ca\/wp-content\/uploads\/2025\/08\/20250619_115505_Original-scaled-e1754615228535-1024x804.jpg\" alt=\"\">\n              <\/div>\n    <\/div>\n  <\/div>\n<\/section>\n\n\n\n<div class=\"wp-block-columns is-layout-flex wp-container-core-columns-is-layout-9d6595d7 wp-block-columns-is-layout-flex\">\n<div class=\"wp-block-column is-layout-flow wp-block-column-is-layout-flow\">\n<h2 class=\"wp-block-heading has-text-align-left\">Comit\u00e9 directeur&nbsp;2025-2026<\/h2>\n\n\n\n<ul class=\"wp-block-list\">\n<li><p><strong>Pr\u00e9sidente&nbsp;<\/strong>:&nbsp;Anne Xuan-Lan Nguyen (Universit\u00e9 de Toronto)<\/p><\/li>\n\n\n\n<li><p><strong>Vice-pr\u00e9sidente :<\/strong> Britta Gustavson (Universit\u00e9 de la Colombie-Britannique)<\/p><\/li>\n\n\n\n<li><p><strong>Directeur de recherche :<\/strong> Mostafa Bondok (Universit\u00e9 de Calgary)<br><\/p><\/li>\n\n\n\n<li><p><strong>Directeurs de l\u2019\u00e9ducation et des affaires ext\u00e9rieures :<\/strong> Aidan Pucchio (Universit\u00e9 Queen\u2019s), Ahmed Abdelaal (Universit\u00e9 Dalhousie)<br><\/p><\/li>\n\n\n\n<li><p><strong>Directrice des communications :<\/strong> Tara Gholamian (Universit\u00e9 d\u2019Ottawa)<br><\/p><\/li>\n\n\n\n<li><p><strong>Directrice des activit\u00e9s sociales :<\/strong> Reem Aziz (Universit\u00e9 d\u2019Ottawa)<br><\/p><\/li>\n\n\n\n<li><p><strong>Directrice des possibilit\u00e9s de bourses de recherche :<\/strong> Jacqueline Slomovic (Universit\u00e9 de Toronto)<br><\/p><\/li>\n\n\n\n<li><p><strong>Directeur des activit\u00e9s de repr\u00e9sentation :<\/strong> Mohamed Gemae (Universit\u00e9 de Toronto)<\/p><\/li>\n\n\n\n<li><p><strong>Webmestre :<\/strong> Antoine Sylvestre-Bouchard (Universit\u00e9 de Calgary)<br><\/p><\/li>\n<\/ul>\n<\/div>\n\n\n\n<div class=\"wp-block-column is-layout-flow wp-block-column-is-layout-flow\">\n<h2 class=\"wp-block-heading has-text-align-left\">Comit\u00e9 directeur 2024-2025<\/h2>\n\n\n\n<ul class=\"wp-block-list\">\n<li><p><strong>Pr\u00e9sident :<\/strong> Cody Lo (Universit\u00e9 d\u2019Ottawa)<\/p><\/li>\n\n\n\n<li><p><strong>Vice-pr\u00e9sidente :<\/strong> Anne Xuan-Lan Nguyen (Universit\u00e9 de Toronto)<br><\/p><\/li>\n\n\n\n<li><p><strong>Directrices de recherche :<\/strong> Britta Gustavson (Universit\u00e9 de la Colombie-Britannique), Stuti Misty Tanya (Universit\u00e9 McGill)<br><\/p><\/li>\n\n\n\n<li><p><strong>Directeurs de l\u2019\u00e9ducation et des affaires ext\u00e9rieures :<\/strong> John Liu (Universit\u00e9 Queen\u2019s), Mariam Issa (Universit\u00e9 de Toronto)<br><\/p><\/li>\n\n\n\n<li><p><strong>Directeur des communications :<\/strong> Antoine Sylvestre-Bouchard (Universit\u00e9 de Calgary)<\/p><\/li>\n\n\n\n<li><p><strong>Directrice des activit\u00e9s sociales :<\/strong> Reem Aziz (Universit\u00e9 d\u2019Ottawa)<br><\/p><\/li>\n\n\n\n<li><p><strong>Directeur des possibilit\u00e9s de bourses de recherche :<\/strong> Siddharth Nath (Universit\u00e9 McGill)<br><\/p><\/li>\n<\/ul>\n<\/div>\n\n\n\n<div class=\"wp-block-column is-layout-flow wp-block-column-is-layout-flow\">\n<h2 class=\"wp-block-heading has-text-align-left\">Anciens pr\u00e9sidents<\/h2>\n\n\n\n<ul class=\"wp-block-list\">\n<li><p><strong>Cody Lo :<\/strong> Universit\u00e9 d\u2019Ottawa, 2024<br><\/p><\/li>\n\n\n\n<li><p><strong>Eunice You :<\/strong> Universit\u00e9 Laval, 2023<br><\/p><\/li>\n\n\n\n<li><p><strong>Maryam Eslami :<\/strong> Universit\u00e9 de la Colombie-Britannique, 2022<br><\/p><\/li>\n\n\n\n<li><p><strong>Michael Thai Binh Nguyen :<\/strong> Universit\u00e9 de Toronto, 2021<br><\/p><\/li>\n\n\n\n<li><p><strong>Majd Mustafa :<\/strong> Universit\u00e9 McGill, 2020<br><\/p><\/li>\n\n\n\n<li><p><strong>Irfan Nizarali Kherani :<\/strong> Universit\u00e9 d\u2019Ottawa, 2019<br><\/p><\/li>\n\n\n\n<li><p><strong>Milad Modabber :<\/strong> Universit\u00e9 McGill, 2018<br><\/p><\/li>\n\n\n\n<li><p><strong>Stephanie Low :<\/strong> Universit\u00e9 de Toronto, 2017<br><\/p><\/li>\n\n\n\n<li><p><strong>Amandeep Rai :<\/strong> Universit\u00e9 de Toronto, 2016<br><\/p><\/li>\n\n\n\n<li><p><strong>Zale Mednick :<\/strong> Universit\u00e9 Queen\u2019s, 2015<br><\/p><\/li>\n\n\n\n<li><p><strong>Kim Le :<\/strong> Universit\u00e9 McGill, 2014<br><\/p><\/li>\n\n\n\n<li><p><strong>Lulu Bursztyn :<\/strong> Universit\u00e9 Western, 2013<br><\/p><\/li>\n\n\n\n<li><p><strong>Tom Gonder :<\/strong> Universit\u00e9 de Calgary, 2012<br><\/p><\/li>\n\n\n\n<li><p><strong>Dan Rootman :<\/strong> Universit\u00e9 de Toronto, 2011<br><\/p><\/li>\n\n\n\n<li><p><strong>Kelly Schweitzer :<\/strong> Universit\u00e9 Queen\u2019s, 2010<br><\/p><\/li>\n<\/ul>\n<\/div>\n<\/div>\n\n\n\n<div style=\"height:100px\" aria-hidden=\"true\" class=\"wp-block-spacer\"><\/div>\n","protected":false},"excerpt":{"rendered":"<p>Comit\u00e9 directeur&nbsp;2025-2026 Comit\u00e9 directeur 2024-2025 Anciens pr\u00e9sidents<\/p>\n","protected":false},"author":56072,"featured_media":0,"parent":0,"menu_order":0,"comment_status":"closed","ping_status":"closed","template":"","meta":{"_acf_changed":false,"footnotes":""},"class_list":["post-30217","page","type-page","status-publish","hentry"],"acf":[],"yoast_head":"<!-- This site is optimized with the Yoast SEO plugin v27.3 - https:\/\/yoast.com\/product\/yoast-seo-wordpress\/ -->\n<title>\u00c0 notre sujet - CCOR<\/title>\n<meta name=\"robots\" content=\"index, follow, max-snippet:-1, max-image-preview:large, max-video-preview:-1\" \/>\n<link rel=\"canonical\" href=\"https:\/\/ccor.cos-sco.ca\/fr\/about\/\" \/>\n<meta property=\"og:locale\" content=\"fr_FR\" \/>\n<meta property=\"og:type\" content=\"article\" \/>\n<meta property=\"og:title\" content=\"\u00c0 notre sujet - CCOR\" \/>\n<meta property=\"og:description\" content=\"Comit\u00e9 directeur&nbsp;2025-2026 Comit\u00e9 directeur 2024-2025 Anciens pr\u00e9sidents\" \/>\n<meta property=\"og:url\" content=\"https:\/\/ccor.cos-sco.ca\/fr\/about\/\" \/>\n<meta property=\"og:site_name\" content=\"CCOR\" \/>\n<meta property=\"article:modified_time\" content=\"2026-02-09T19:01:17+00:00\" \/>\n<meta name=\"twitter:card\" content=\"summary_large_image\" \/>\n<meta name=\"twitter:label1\" content=\"Dur\u00e9e de lecture estim\u00e9e\" \/>\n\t<meta name=\"twitter:data1\" content=\"2 minutes\" \/>\n<script type=\"application\/ld+json\" class=\"yoast-schema-graph\">{\"@context\":\"https:\\\/\\\/schema.org\",\"@graph\":[{\"@type\":\"WebPage\",\"@id\":\"https:\\\/\\\/ccor.cos-sco.ca\\\/fr\\\/about\\\/\",\"url\":\"https:\\\/\\\/ccor.cos-sco.ca\\\/fr\\\/about\\\/\",\"name\":\"\u00c0 notre sujet - CCOR\",\"isPartOf\":{\"@id\":\"https:\\\/\\\/ccor.cos-sco.ca\\\/#website\"},\"datePublished\":\"2024-05-09T13:25:22+00:00\",\"dateModified\":\"2026-02-09T19:01:17+00:00\",\"breadcrumb\":{\"@id\":\"https:\\\/\\\/ccor.cos-sco.ca\\\/fr\\\/about\\\/#breadcrumb\"},\"inLanguage\":\"fr-FR\",\"potentialAction\":[{\"@type\":\"ReadAction\",\"target\":[\"https:\\\/\\\/ccor.cos-sco.ca\\\/fr\\\/about\\\/\"]}]},{\"@type\":\"BreadcrumbList\",\"@id\":\"https:\\\/\\\/ccor.cos-sco.ca\\\/fr\\\/about\\\/#breadcrumb\",\"itemListElement\":[{\"@type\":\"ListItem\",\"position\":1,\"name\":\"Home\",\"item\":\"https:\\\/\\\/ccor.cos-sco.ca\\\/fr\\\/\"},{\"@type\":\"ListItem\",\"position\":2,\"name\":\"\u00c0 notre sujet\"}]},{\"@type\":\"WebSite\",\"@id\":\"https:\\\/\\\/ccor.cos-sco.ca\\\/#website\",\"url\":\"https:\\\/\\\/ccor.cos-sco.ca\\\/\",\"name\":\"CCOR\",\"description\":\"\",\"potentialAction\":[{\"@type\":\"SearchAction\",\"target\":{\"@type\":\"EntryPoint\",\"urlTemplate\":\"https:\\\/\\\/ccor.cos-sco.ca\\\/?s={search_term_string}\"},\"query-input\":{\"@type\":\"PropertyValueSpecification\",\"valueRequired\":true,\"valueName\":\"search_term_string\"}}],\"inLanguage\":\"fr-FR\"}]}<\/script>\n<!-- \/ Yoast SEO plugin. -->","yoast_head_json":{"title":"\u00c0 notre sujet - CCOR","robots":{"index":"index","follow":"follow","max-snippet":"max-snippet:-1","max-image-preview":"max-image-preview:large","max-video-preview":"max-video-preview:-1"},"canonical":"https:\/\/ccor.cos-sco.ca\/fr\/about\/","og_locale":"fr_FR","og_type":"article","og_title":"\u00c0 notre sujet - CCOR","og_description":"Comit\u00e9 directeur&nbsp;2025-2026 Comit\u00e9 directeur 2024-2025 Anciens pr\u00e9sidents","og_url":"https:\/\/ccor.cos-sco.ca\/fr\/about\/","og_site_name":"CCOR","article_modified_time":"2026-02-09T19:01:17+00:00","twitter_card":"summary_large_image","twitter_misc":{"Dur\u00e9e de lecture estim\u00e9e":"2 minutes"},"schema":{"@context":"https:\/\/schema.org","@graph":[{"@type":"WebPage","@id":"https:\/\/ccor.cos-sco.ca\/fr\/about\/","url":"https:\/\/ccor.cos-sco.ca\/fr\/about\/","name":"\u00c0 notre sujet - CCOR","isPartOf":{"@id":"https:\/\/ccor.cos-sco.ca\/#website"},"datePublished":"2024-05-09T13:25:22+00:00","dateModified":"2026-02-09T19:01:17+00:00","breadcrumb":{"@id":"https:\/\/ccor.cos-sco.ca\/fr\/about\/#breadcrumb"},"inLanguage":"fr-FR","potentialAction":[{"@type":"ReadAction","target":["https:\/\/ccor.cos-sco.ca\/fr\/about\/"]}]},{"@type":"BreadcrumbList","@id":"https:\/\/ccor.cos-sco.ca\/fr\/about\/#breadcrumb","itemListElement":[{"@type":"ListItem","position":1,"name":"Home","item":"https:\/\/ccor.cos-sco.ca\/fr\/"},{"@type":"ListItem","position":2,"name":"\u00c0 notre sujet"}]},{"@type":"WebSite","@id":"https:\/\/ccor.cos-sco.ca\/#website","url":"https:\/\/ccor.cos-sco.ca\/","name":"CCOR","description":"","potentialAction":[{"@type":"SearchAction","target":{"@type":"EntryPoint","urlTemplate":"https:\/\/ccor.cos-sco.ca\/?s={search_term_string}"},"query-input":{"@type":"PropertyValueSpecification","valueRequired":true,"valueName":"search_term_string"}}],"inLanguage":"fr-FR"}]}},"publishpress_future_action":{"enabled":false,"date":"2026-04-11 02:48:45","action":"change-status","newStatus":"draft","terms":[],"taxonomy":"translation_priority","extraData":[]},"publishpress_future_workflow_manual_trigger":{"enabledWorkflows":[]},"_links":{"self":[{"href":"https:\/\/ccor.cos-sco.ca\/fr\/wp-json\/wp\/v2\/pages\/30217","targetHints":{"allow":["GET"]}}],"collection":[{"href":"https:\/\/ccor.cos-sco.ca\/fr\/wp-json\/wp\/v2\/pages"}],"about":[{"href":"https:\/\/ccor.cos-sco.ca\/fr\/wp-json\/wp\/v2\/types\/page"}],"author":[{"embeddable":true,"href":"https:\/\/ccor.cos-sco.ca\/fr\/wp-json\/wp\/v2\/users\/56072"}],"replies":[{"embeddable":true,"href":"https:\/\/ccor.cos-sco.ca\/fr\/wp-json\/wp\/v2\/comments?post=30217"}],"version-history":[{"count":4,"href":"https:\/\/ccor.cos-sco.ca\/fr\/wp-json\/wp\/v2\/pages\/30217\/revisions"}],"predecessor-version":[{"id":30226,"href":"https:\/\/ccor.cos-sco.ca\/fr\/wp-json\/wp\/v2\/pages\/30217\/revisions\/30226"}],"wp:attachment":[{"href":"https:\/\/ccor.cos-sco.ca\/fr\/wp-json\/wp\/v2\/media?parent=30217"}],"curies":[{"name":"wp","href":"https:\/\/api.w.org\/{rel}","templated":true}]}}