{"id":30227,"date":"2024-07-29T01:20:20","date_gmt":"2024-07-29T05:20:20","guid":{"rendered":"https:\/\/ccor.cos-sco.ca\/prix\/"},"modified":"2026-02-09T14:20:18","modified_gmt":"2026-02-09T19:20:18","slug":"prix","status":"publish","type":"page","link":"https:\/\/ccor.cos-sco.ca\/fr\/prix\/","title":{"rendered":"Prix"},"content":{"rendered":"\n<div style=\"height:75px\" aria-hidden=\"true\" class=\"wp-block-spacer\"><\/div>\n\n\n\n<h1 class=\"wp-block-heading\">Prix et distinctions<\/h1>\n\n\n\n<div style=\"height:40px\" aria-hidden=\"true\" class=\"wp-block-spacer\"><\/div>\n\n\n\n<p class=\"has-medium-font-size\"><strong>Le CCRO est fier de r\u00e9compenser des stagiaires gr\u00e2ce \u00e0 diff\u00e9rents prix visant \u00e0 mettre en lumi\u00e8re une multitude de r\u00e9alisations dans le milieu canadien de l\u2019ophtalmologie. Les candidatures pour ces prix doivent \u00eatre envoy\u00e9es par courriel \u00e0 notre liste de diffusion et sont pr\u00e9sent\u00e9es durant le Symposium des jeunes ophtalmologistes au Congr\u00e8s annuel de la SCO.<\/strong><\/p>\n\n\n\n<div style=\"height:23px\" aria-hidden=\"true\" class=\"wp-block-spacer\"><\/div>\n\n\n\n<h2 class=\"wp-block-heading\">Prix de leadership du CCRO<\/h2>\n\n\n\n<p>Avec le soutien de la SCO, ce prix vise \u00e0 reconna\u00eetre les r\u00e9sidents chefs de file dans le domaine de l\u2019ophtalmologie qui ont fait \u00e9voluer la profession par le biais du mentorat, d\u2019efforts de repr\u00e9sentation et d\u2019initiatives. Les r\u00e9sidents seniors qui ont \u00e9t\u00e9 de solides mod\u00e8les et qui ont d\u00e9montr\u00e9 des comp\u00e9tences exceptionnelles en leadership lors de leur formation en r\u00e9sidence sont encourag\u00e9s \u00e0 pr\u00e9senter leur candidature. Le r\u00e9sident s\u00e9lectionn\u00e9 ou la r\u00e9sidente s\u00e9lectionn\u00e9e se verra remettre un certificat de m\u00e9rite lors du Symposium des jeunes ophtalmologistes et profitera d\u2019une inscription gratuite au prochain Congr\u00e8s annuel de la SCO.\n<\/p>\n\n\n\n<p><strong>Anciens laur\u00e9ats :<\/strong><\/p>\n\n\n\n<ul class=\"wp-block-list\">\n<li>D<sup>r<\/sup> Tony Jin, Universit\u00e9 McGill (2025)<\/li>\n\n\n\n<li>D<sup>re<\/sup> Rachel Martin, Universit\u00e9 Queen\u2019s (2024)<\/li>\n\n\n\n<li>D<sup>r<\/sup> Michael Nguyen, Universit\u00e9 de Toronto (2023)<\/li>\n<\/ul>\n\n\n\n<div class=\"wp-block-buttons is-horizontal is-content-justification-left is-layout-flex wp-container-core-buttons-is-layout-7e5fce0a wp-block-buttons-is-layout-flex\">\n<div class=\"wp-block-button is-style-fill\"><a class=\"wp-block-button__link has-background wp-element-button\" href=\"https:\/\/drive.google.com\/file\/d\/1WT6oDq7QoPkY7Ch24z8SbSdtYQtBlD_6\/view?usp=sharing\" style=\"background-color:#102e44\" target=\"_blank\" rel=\"noreferrer noopener\">Postulez maintenant!<\/a><\/div>\n<\/div>\n\n\n\n<div style=\"height:23px\" aria-hidden=\"true\" class=\"wp-block-spacer\"><\/div>\n\n\n\n<h2 class=\"wp-block-heading\">Prix de la meilleure proposition de recherche du CCRO<\/h2>\n\n\n\n<p>Avec le soutien de la SCO, ce prix octroie un financement de 1\u2009000 $ sur deux ans \u00e0 un projet de recherche d\u2019un r\u00e9sident ou d\u2019une r\u00e9sidente d\u2019un \u00e9tablissement canadien. Pour postuler, les r\u00e9sidents doivent soumettre une proposition pour une \u00e9tude de recherche qui n\u2019est pas encore commenc\u00e9e. Pour \u00eatre admissible, le r\u00e9sident ou la r\u00e9sidente doit avoir le soutien de son superviseur, membre d\u2019un corps professoral canadien et membre de la SCO.<\/p>\n\n\n\n<p><strong>Anciens laur\u00e9ats :<\/strong><\/p>\n\n\n\n<ul class=\"wp-block-list\">\n<li>D<sup>r<\/sup> Parsa\u00a0Mehraban Far, Universit\u00e9 du Manitoba (2025)<\/li>\n\n\n\n<li>D<sup>re<\/sup> Bonnie He, Universit\u00e9 Dalhousie (2024)<\/li>\n\n\n\n<li>D<sup>re<\/sup> Deeksha Kundapur, Universit\u00e9 d\u2019Ottawa (2023)<\/li>\n<\/ul>\n\n\n\n<div class=\"wp-block-buttons is-horizontal is-content-justification-left is-layout-flex wp-container-core-buttons-is-layout-7e5fce0a wp-block-buttons-is-layout-flex\">\n<div class=\"wp-block-button is-style-fill\"><a class=\"wp-block-button__link has-background wp-element-button\" href=\"https:\/\/drive.google.com\/file\/d\/15t8ylvtS4vFkzjHnvlFXYd-nwDe-ra6C\/view?usp=sharing\" style=\"background-color:#102e44\" target=\"_blank\" rel=\"noreferrer noopener\">Postulez maintenant!<\/a><\/div>\n<\/div>\n\n\n\n<div style=\"height:23px\" aria-hidden=\"true\" class=\"wp-block-spacer\"><\/div>\n\n\n\n<h2 class=\"wp-block-heading\"><strong>CCOR Research Innovator Award<\/strong><\/h2>\n\n\n\n<p>The Research Innovator Award, a live elevator-pitch competition, is designed to highlight creativity and innovation in ophthalmology research. Participants will deliver a 2-minute pitch presenting a research idea in front of a live audience at the COS Annual Meeting. No proposal is required. The top-scoring presenter will receive a $500 prize and a commemorative plaque.<\/p>\n\n\n\n<div class=\"wp-block-buttons is-horizontal is-content-justification-left is-layout-flex wp-container-core-buttons-is-layout-7e5fce0a wp-block-buttons-is-layout-flex\">\n<div class=\"wp-block-button is-style-fill\"><a class=\"wp-block-button__link has-background wp-element-button\" href=\"https:\/\/drive.google.com\/file\/d\/1kgxAk2_sOgeDpKUlsgvRYVNiLrFW_7lR\/view?usp=sharing\" style=\"background-color:#102e44\" target=\"_blank\" rel=\"noreferrer noopener\">Postulez maintenant!<\/a><\/div>\n<\/div>\n\n\n\n<div style=\"height:23px\" aria-hidden=\"true\" class=\"wp-block-spacer\"><\/div>\n\n\n\n<h2 class=\"wp-block-heading\">Prix Alain P. Rousseau<\/h2>\n\n\n\n<p>Le Prix Alain P. Rousseau est ouvert aux r\u00e9sidents en ophtalmologie et parrain\u00e9 par la Fondation des maladies de l\u2019\u0153il. Ce prix vise \u00e0 perp\u00e9tuer l\u2019\u0153uvre du Dr Alain P. Rousseau, fondateur de la Fondation des maladies de l\u2019\u0153il, ainsi qu\u2019\u00e0 stimuler la recherche clinique dans le domaine de l\u2019ophtalmologie.\n<\/p>\n\n\n\n<p><strong>Anciens laur\u00e9ats :<\/strong><\/p>\n\n\n\n<ul class=\"wp-block-list\">\n<li>D<sup>re<\/sup> Jovi Wong, Universit\u00e9 de Toronto (2025)<\/li>\n\n\n\n<li>D<sup>re<\/sup> M\u00e9lanie H\u00e9bert, Universit\u00e9 Laval (2024)<\/li>\n\n\n\n<li>D<sup>re<\/sup> Eunice You, Universit\u00e9 Laval (2023)<\/li>\n<\/ul>\n\n\n\n<div class=\"wp-block-buttons is-horizontal is-content-justification-left is-layout-flex wp-container-core-buttons-is-layout-7e5fce0a wp-block-buttons-is-layout-flex\">\n<div class=\"wp-block-button is-style-fill\"><a class=\"wp-block-button__link has-background wp-element-button\" href=\"https:\/\/www.fondationdesmaladiesdeloeil.org\/en\/alain-rousseau-award\" style=\"background-color:#102e44\" target=\"_blank\" rel=\"noreferrer noopener\">Postulez maintenant!<\/a><\/div>\n<\/div>\n\n\n\n<div style=\"height:23px\" aria-hidden=\"true\" class=\"wp-block-spacer\"><\/div>\n\n\n\n<h2 class=\"wp-block-heading\">Prix Orbis du futur leader en ophtalmologie mondiale<\/h2>\n\n\n\n<p>Avec le soutien de la Fondation de la SCO, ce prix est destin\u00e9 aux r\u00e9sidents ou boursiers en ophtalmologie inscrits dans une universit\u00e9 canadienne. La laur\u00e9ate ou le laur\u00e9at aura droit \u00e0 un article dans Point de mire, le bulletin mensuel de la SCO, \u00e0 un article sur le site Web d\u2019Orbis Canada et \u00e0 une mention dans les publications d\u2019Orbis Canada et de la SCO dans les m\u00e9dias sociaux. De plus, le Dr Guillermo Rocha, pr\u00e9sident de la Fondation de la SCO, pr\u00e9sentera la laur\u00e9ate ou le laur\u00e9at \u00e0 l\u2019occasion du <a href=\"https:\/\/cos-sco.secure-platform.com\/site\" type=\"link\" id=\"https:\/\/cos-sco.secure-platform.com\/site\">Congr\u00e8s annuel et exposition<\/a> 2024 de la Soci\u00e9t\u00e9 canadienne d\u2019ophtalmologie (SCO) \u00e0 Toronto. La laur\u00e9ate ou le laur\u00e9at profitera \u00e9galement de l\u2019inscription gratuite au Congr\u00e8s annuel et exposition 2024 de la SCO.<\/p>\n\n\n\n<p><strong>Anciens laur\u00e9ats :<\/strong><\/p>\n\n\n\n<ul class=\"wp-block-list\">\n<li>D<sup>re<\/sup> Stuti Misty Tanya, Universit\u00e9 McGill<\/li>\n\n\n\n<li>D<sup>re<\/sup> Anne Nguyen, Universit\u00e9 de Toronto (2024)<\/li>\n<\/ul>\n\n\n\n<div class=\"wp-block-buttons is-horizontal is-content-justification-left is-layout-flex wp-container-core-buttons-is-layout-7e5fce0a wp-block-buttons-is-layout-flex\">\n<div class=\"wp-block-button is-style-fill\"><a class=\"wp-block-button__link has-background wp-element-button\" href=\"https:\/\/can.orbis.org\/en\" style=\"background-color:#102e44\" target=\"_blank\" rel=\"noreferrer noopener\">Postulez maintenant!<\/a><\/div>\n<\/div>\n\n\n\n<div style=\"height:23px\" aria-hidden=\"true\" class=\"wp-block-spacer\"><\/div>\n\n\n\n<h2 class=\"wp-block-heading\"><strong><strong>COSF Resident Award<\/strong><\/strong><\/h2>\n\n\n\n<p>The Canadian Ophthalmological Society Foundation (COSF) is sponsoring the COSF Resident Award 2026, established to support a Canadian ophthalmology resident in undertaking a two-week observership at an international centre of excellence providing eye care to underserved populations. The award offers financial support of up to CAD $6,000 to assist with travel and related expenses.<\/p>\n\n\n\n<div class=\"wp-block-buttons is-horizontal is-content-justification-left is-layout-flex wp-container-core-buttons-is-layout-7e5fce0a wp-block-buttons-is-layout-flex\">\n<div class=\"wp-block-button is-style-fill\"><a class=\"wp-block-button__link has-background wp-element-button\" href=\"https:\/\/forms.office.com\/pages\/responsepage.aspx?id=a92YuJN0IkmD8Z7o4wp37j9P1oaBevJAtPu6ZI5Vd4lUQVRRMTRHV0pVTjRBSUxMVDhBUElSMUswWS4u&amp;route=shorturl\" style=\"background-color:#102e44\" target=\"_blank\" rel=\"noreferrer noopener\">Postulez maintenant!<\/a><\/div>\n<\/div>\n\n\n\n<div style=\"height:23px\" aria-hidden=\"true\" class=\"wp-block-spacer\"><\/div>\n\n\n\n<h2 class=\"wp-block-heading\"><strong>Subvention pour \u00e9tudiants en m\u00e9decine de la Fondation de la SCO<\/strong><\/h2>\n\n\n\n<p>Avec le soutien de la Fondation de la SCO, ce prix r\u00e9compense 10 \u00e9tudiants en m\u00e9decine canadiens ayant d\u00e9montr\u00e9 un int\u00e9r\u00eat et un engagement pour le domaine de l\u2019ophtalmologie. Les laur\u00e9ats profitent d\u2019une inscription gratuite pour assister au Congr\u00e8s annuel de la SCO. Ce prix vise \u00e0 aider les \u00e9tudiants en m\u00e9decine dans la poursuite de leur int\u00e9r\u00eat pour l\u2019ophtalmologie.<\/p>\n\n\n\n<div class=\"wp-block-columns is-layout-flex wp-container-core-columns-is-layout-9d6595d7 wp-block-columns-is-layout-flex\">\n<div class=\"wp-block-column is-layout-flow wp-block-column-is-layout-flow\">\n<details class=\"wp-block-details is-layout-flow wp-block-details-is-layout-flow\" open><summary><strong>Laur\u00e9ats 2025<\/strong><\/summary>\n<ul class=\"wp-block-list\">\n<li>Abi Chandiramohan<\/li>\n\n\n\n<li>Kahina Chibane<\/li>\n\n\n\n<li>Angel Gao<\/li>\n\n\n\n<li>Harleen Kaur Hehar<\/li>\n\n\n\n<li>David Mikhail<\/li>\n\n\n\n<li>Aljeena Rahat Qureshi<\/li>\n\n\n\n<li>William Herspeigel<\/li>\n\n\n\n<li>Mackenzie-Austin Fijardo<\/li>\n\n\n\n<li>Arthur Gabriel<\/li>\n\n\n\n<li>Kristina Nazzicone<\/li>\n<\/ul>\n<\/details>\n\n\n\n<details class=\"wp-block-details is-layout-flow wp-block-details-is-layout-flow\"><summary><strong>Laur\u00e9ats 2024<\/strong><\/summary>\n<ul class=\"wp-block-list\">\n<li>Khaldon Abbas<\/li>\n\n\n\n<li>Daniel Ryan Chow<\/li>\n\n\n\n<li>Nicole Costanzo<\/li>\n\n\n\n<li>Yosra Er-reguyeg<\/li>\n\n\n\n<li>Val\u00e9rie Gagn\u00e9<\/li>\n\n\n\n<li>Farhad Ghaseminejad<\/li>\n\n\n\n<li>Tyler Herod<\/li>\n\n\n\n<li>Victoria Leung<\/li>\n\n\n\n<li>Kimberly Papp<\/li>\n\n\n\n<li>Dana Toameh<\/li>\n<\/ul>\n<\/details>\n\n\n\n<details class=\"wp-block-details is-layout-flow wp-block-details-is-layout-flow\"><summary><strong>Laur\u00e9ats 2023s<\/strong><\/summary>\n<ul class=\"wp-block-list\">\n<li>Adam Hocini&nbsp;<\/li>\n\n\n\n<li>Brendan Tao<\/li>\n\n\n\n<li>Danielle Vucenovic<\/li>\n\n\n\n<li>Dominique Salh<\/li>\n\n\n\n<li>Mahraz Parvand<\/li>\n\n\n\n<li>Milena Cioana<\/li>\n\n\n\n<li>Mohammad Shayyan Wasim<\/li>\n\n\n\n<li>Sarah Moussa<\/li>\n\n\n\n<li>Sidratul Rahman<\/li>\n\n\n\n<li>Sunil Ruparelia<\/li>\n<\/ul>\n<\/details>\n<\/div>\n<\/div>\n\n\n\n<div class=\"wp-block-buttons is-horizontal is-content-justification-left is-layout-flex wp-container-core-buttons-is-layout-7e5fce0a wp-block-buttons-is-layout-flex\">\n<div class=\"wp-block-button is-style-fill\"><a class=\"wp-block-button__link has-background wp-element-button\" href=\"https:\/\/drive.google.com\/file\/d\/1VwYiQhbZNPws9Kfg674ArZaio5e0gmGB\/view?usp=sharing\" style=\"background-color:#102e44\" target=\"_blank\" rel=\"noreferrer noopener\">Postulez maintenant!<\/a><\/div>\n<\/div>\n\n\n\n<div style=\"height:23px\" aria-hidden=\"true\" class=\"wp-block-spacer\"><\/div>\n","protected":false},"excerpt":{"rendered":"<p>Prix et distinctions Le CCRO est fier de r\u00e9compenser des stagiaires gr\u00e2ce \u00e0 diff\u00e9rents prix visant \u00e0 mettre en lumi\u00e8re une multitude de r\u00e9alisations dans le milieu canadien de l\u2019ophtalmologie. Les candidatures pour ces prix doivent \u00eatre envoy\u00e9es par courriel \u00e0 notre liste de diffusion et sont pr\u00e9sent\u00e9es durant le Symposium des jeunes ophtalmologistes au [&hellip;]<\/p>\n","protected":false},"author":56072,"featured_media":0,"parent":0,"menu_order":0,"comment_status":"closed","ping_status":"closed","template":"","meta":{"_acf_changed":false,"footnotes":""},"class_list":["post-30227","page","type-page","status-publish","hentry"],"acf":[],"yoast_head":"<!-- This site is optimized with the Yoast SEO plugin v27.3 - https:\/\/yoast.com\/product\/yoast-seo-wordpress\/ -->\n<title>Prix - CCOR<\/title>\n<meta name=\"robots\" content=\"index, follow, max-snippet:-1, max-image-preview:large, max-video-preview:-1\" \/>\n<link rel=\"canonical\" href=\"https:\/\/ccor.cos-sco.ca\/fr\/prix\/\" \/>\n<meta property=\"og:locale\" content=\"fr_FR\" \/>\n<meta property=\"og:type\" content=\"article\" \/>\n<meta property=\"og:title\" content=\"Prix - CCOR\" \/>\n<meta property=\"og:description\" content=\"Prix et distinctions Le CCRO est fier de r\u00e9compenser des stagiaires gr\u00e2ce \u00e0 diff\u00e9rents prix visant \u00e0 mettre en lumi\u00e8re une multitude de r\u00e9alisations dans le milieu canadien de l\u2019ophtalmologie. Les candidatures pour ces prix doivent \u00eatre envoy\u00e9es par courriel \u00e0 notre liste de diffusion et sont pr\u00e9sent\u00e9es durant le Symposium des jeunes ophtalmologistes au [&hellip;]\" \/>\n<meta property=\"og:url\" content=\"https:\/\/ccor.cos-sco.ca\/fr\/prix\/\" \/>\n<meta property=\"og:site_name\" content=\"CCOR\" \/>\n<meta property=\"article:modified_time\" content=\"2026-02-09T19:20:18+00:00\" \/>\n<meta name=\"twitter:card\" content=\"summary_large_image\" \/>\n<meta name=\"twitter:label1\" content=\"Dur\u00e9e de lecture estim\u00e9e\" \/>\n\t<meta name=\"twitter:data1\" content=\"4 minutes\" \/>\n<script type=\"application\/ld+json\" class=\"yoast-schema-graph\">{\"@context\":\"https:\\\/\\\/schema.org\",\"@graph\":[{\"@type\":\"WebPage\",\"@id\":\"https:\\\/\\\/ccor.cos-sco.ca\\\/fr\\\/prix\\\/\",\"url\":\"https:\\\/\\\/ccor.cos-sco.ca\\\/fr\\\/prix\\\/\",\"name\":\"Prix - CCOR\",\"isPartOf\":{\"@id\":\"https:\\\/\\\/ccor.cos-sco.ca\\\/#website\"},\"datePublished\":\"2024-07-29T05:20:20+00:00\",\"dateModified\":\"2026-02-09T19:20:18+00:00\",\"breadcrumb\":{\"@id\":\"https:\\\/\\\/ccor.cos-sco.ca\\\/fr\\\/prix\\\/#breadcrumb\"},\"inLanguage\":\"fr-FR\",\"potentialAction\":[{\"@type\":\"ReadAction\",\"target\":[\"https:\\\/\\\/ccor.cos-sco.ca\\\/fr\\\/prix\\\/\"]}]},{\"@type\":\"BreadcrumbList\",\"@id\":\"https:\\\/\\\/ccor.cos-sco.ca\\\/fr\\\/prix\\\/#breadcrumb\",\"itemListElement\":[{\"@type\":\"ListItem\",\"position\":1,\"name\":\"Home\",\"item\":\"https:\\\/\\\/ccor.cos-sco.ca\\\/fr\\\/\"},{\"@type\":\"ListItem\",\"position\":2,\"name\":\"Prix\"}]},{\"@type\":\"WebSite\",\"@id\":\"https:\\\/\\\/ccor.cos-sco.ca\\\/#website\",\"url\":\"https:\\\/\\\/ccor.cos-sco.ca\\\/\",\"name\":\"CCOR\",\"description\":\"\",\"potentialAction\":[{\"@type\":\"SearchAction\",\"target\":{\"@type\":\"EntryPoint\",\"urlTemplate\":\"https:\\\/\\\/ccor.cos-sco.ca\\\/?s={search_term_string}\"},\"query-input\":{\"@type\":\"PropertyValueSpecification\",\"valueRequired\":true,\"valueName\":\"search_term_string\"}}],\"inLanguage\":\"fr-FR\"}]}<\/script>\n<!-- \/ Yoast SEO plugin. -->","yoast_head_json":{"title":"Prix - CCOR","robots":{"index":"index","follow":"follow","max-snippet":"max-snippet:-1","max-image-preview":"max-image-preview:large","max-video-preview":"max-video-preview:-1"},"canonical":"https:\/\/ccor.cos-sco.ca\/fr\/prix\/","og_locale":"fr_FR","og_type":"article","og_title":"Prix - CCOR","og_description":"Prix et distinctions Le CCRO est fier de r\u00e9compenser des stagiaires gr\u00e2ce \u00e0 diff\u00e9rents prix visant \u00e0 mettre en lumi\u00e8re une multitude de r\u00e9alisations dans le milieu canadien de l\u2019ophtalmologie. Les candidatures pour ces prix doivent \u00eatre envoy\u00e9es par courriel \u00e0 notre liste de diffusion et sont pr\u00e9sent\u00e9es durant le Symposium des jeunes ophtalmologistes au [&hellip;]","og_url":"https:\/\/ccor.cos-sco.ca\/fr\/prix\/","og_site_name":"CCOR","article_modified_time":"2026-02-09T19:20:18+00:00","twitter_card":"summary_large_image","twitter_misc":{"Dur\u00e9e de lecture estim\u00e9e":"4 minutes"},"schema":{"@context":"https:\/\/schema.org","@graph":[{"@type":"WebPage","@id":"https:\/\/ccor.cos-sco.ca\/fr\/prix\/","url":"https:\/\/ccor.cos-sco.ca\/fr\/prix\/","name":"Prix - CCOR","isPartOf":{"@id":"https:\/\/ccor.cos-sco.ca\/#website"},"datePublished":"2024-07-29T05:20:20+00:00","dateModified":"2026-02-09T19:20:18+00:00","breadcrumb":{"@id":"https:\/\/ccor.cos-sco.ca\/fr\/prix\/#breadcrumb"},"inLanguage":"fr-FR","potentialAction":[{"@type":"ReadAction","target":["https:\/\/ccor.cos-sco.ca\/fr\/prix\/"]}]},{"@type":"BreadcrumbList","@id":"https:\/\/ccor.cos-sco.ca\/fr\/prix\/#breadcrumb","itemListElement":[{"@type":"ListItem","position":1,"name":"Home","item":"https:\/\/ccor.cos-sco.ca\/fr\/"},{"@type":"ListItem","position":2,"name":"Prix"}]},{"@type":"WebSite","@id":"https:\/\/ccor.cos-sco.ca\/#website","url":"https:\/\/ccor.cos-sco.ca\/","name":"CCOR","description":"","potentialAction":[{"@type":"SearchAction","target":{"@type":"EntryPoint","urlTemplate":"https:\/\/ccor.cos-sco.ca\/?s={search_term_string}"},"query-input":{"@type":"PropertyValueSpecification","valueRequired":true,"valueName":"search_term_string"}}],"inLanguage":"fr-FR"}]}},"publishpress_future_action":{"enabled":false,"date":"2026-04-11 02:47:18","action":"change-status","newStatus":"draft","terms":[],"taxonomy":"translation_priority","extraData":[]},"publishpress_future_workflow_manual_trigger":{"enabledWorkflows":[]},"_links":{"self":[{"href":"https:\/\/ccor.cos-sco.ca\/fr\/wp-json\/wp\/v2\/pages\/30227","targetHints":{"allow":["GET"]}}],"collection":[{"href":"https:\/\/ccor.cos-sco.ca\/fr\/wp-json\/wp\/v2\/pages"}],"about":[{"href":"https:\/\/ccor.cos-sco.ca\/fr\/wp-json\/wp\/v2\/types\/page"}],"author":[{"embeddable":true,"href":"https:\/\/ccor.cos-sco.ca\/fr\/wp-json\/wp\/v2\/users\/56072"}],"replies":[{"embeddable":true,"href":"https:\/\/ccor.cos-sco.ca\/fr\/wp-json\/wp\/v2\/comments?post=30227"}],"version-history":[{"count":2,"href":"https:\/\/ccor.cos-sco.ca\/fr\/wp-json\/wp\/v2\/pages\/30227\/revisions"}],"predecessor-version":[{"id":30230,"href":"https:\/\/ccor.cos-sco.ca\/fr\/wp-json\/wp\/v2\/pages\/30227\/revisions\/30230"}],"wp:attachment":[{"href":"https:\/\/ccor.cos-sco.ca\/fr\/wp-json\/wp\/v2\/media?parent=30227"}],"curies":[{"name":"wp","href":"https:\/\/api.w.org\/{rel}","templated":true}]}}