{"id":30238,"date":"2024-05-09T09:26:25","date_gmt":"2024-05-09T13:26:25","guid":{"rendered":"https:\/\/ccor.cos-sco.ca\/bourses-de-recherche\/"},"modified":"2026-02-09T14:44:27","modified_gmt":"2026-02-09T19:44:27","slug":"bourses-de-recherche","status":"publish","type":"page","link":"https:\/\/ccor.cos-sco.ca\/fr\/bourses-de-recherche\/","title":{"rendered":"Bourses de recherche"},"content":{"rendered":"\n<div style=\"height:75px\" aria-hidden=\"true\" class=\"wp-block-spacer\"><\/div>\n\n\n<h1 class=\"has-text-align-center has-link-color wp-elements-bc76c291a7e09a094cb3f8ec4369ea44 wp-block-post-title has-text-color has-black-color has-x-large-font-size\">Bourses de recherche<\/h1>\n\n\n<div style=\"height:40px\" aria-hidden=\"true\" class=\"wp-block-spacer\"><\/div>\n\n\n\n<p>Chaque ann\u00e9e, notre agent de liaison pour les bourses de recherche organise plusieurs \u00e9v\u00e9nements tout au long de l\u2019ann\u00e9e visant \u00e0 doter les r\u00e9sidents d\u2019une compr\u00e9hension de leurs options de carri\u00e8re apr\u00e8s la r\u00e9sidence. Voici une archive de ressources pour en savoir plus sur ces possibilit\u00e9s offertes aux r\u00e9sidents en ophtalmologie canadiens.<\/p>\n\n\n\n<h2 class=\"wp-block-heading\">Guide des bourses de recherche du CCRO<\/h2>\n\n\n\n<p>Semblable au Match Book de la FEMC que vous avez peut-\u00eatre d\u00e9j\u00e0 vu en tant qu\u2019\u00e9tudiant ou \u00e9tudiante en m\u00e9decine. Il s\u2019agit d\u2019une compilation des \u00e9l\u00e9ments essentiels tir\u00e9s de conf\u00e9rences de bourses pr\u00e9c\u00e9dentes et des conseils d\u00e9coulant d\u2019un sondage r\u00e9cent r\u00e9alis\u00e9 aupr\u00e8s des r\u00e9sidents en fin de formation. Cette ressource se trouve sur le <a href=\"https:\/\/www.cosprc.ca\/fr\/\" type=\"link\" id=\"https:\/\/www.cosprc.ca\/fr\/\">Carrefour de ressources pour la pratique de la SCO<\/a>. Elle est destin\u00e9e aux membres de la SCO et est prot\u00e9g\u00e9e par un mot de passe.<\/p>\n\n\n\n<h2 class=\"wp-block-heading\">R\u00e9pertoire des bourses de recherche du CCRO<\/h2>\n\n\n\n<p>Mise \u00e0 jour des r\u00e9pertoires pr\u00e9c\u00e9dents avec les stages de recherche suivis par plus de 210 r\u00e9sidents canadiens. Certains r\u00e9sidents ayant indiqu\u00e9 \u00eatre dispos\u00e9s \u00e0 partager leur courriel sont inclus. Cette ressource se trouve sur le <a href=\"https:\/\/www.cosprc.ca\/fr\/\" type=\"link\" id=\"https:\/\/www.cosprc.ca\/fr\/\">Carrefour de ressources pour la pratique de la SCO<\/a>. Elle est destin\u00e9e aux membres de la SCO et est prot\u00e9g\u00e9e par un mot de passe.<\/p>\n\n\n\n<h2 class=\"wp-block-heading\">\u00c9v\u00e9nements enregistr\u00e9s<\/h2>\n\n\n\n<ul class=\"wp-block-list\">\n<li><a href=\"https:\/\/youtu.be\/cRq6nQ92wGo\">Fellowship Talk #3 Glaucoma, Oculoplastics, Neuro-Ophthalmology (Jan 2023)<\/a><\/li>\n\n\n\n<li><a href=\"https:\/\/youtu.be\/0ilw2B71uo8\">Fellowship Talk #2 No fellowship (Dec 2022)<\/a><\/li>\n\n\n\n<li><a href=\"https:\/\/youtu.be\/dXXKf0wS3Uo\">Fellowship Talk #1 Surgical retina, Pediatrics, ASOPRS Oculoplastics (Dec 2022)<\/a><\/li>\n<\/ul>\n\n\n\n<h3 class=\"wp-block-heading\">Diaporamas<\/h3>\n\n\n\n<ul class=\"wp-block-list\">\n<li><a href=\"https:\/\/drive.google.com\/file\/d\/1neZgxmPOyoy9FyOcEG5GiNDEjCtdzzS9\/view?usp=drive_link\">Pediatric Ophthalmology (2022) by Dr. Stephanie Cote<\/a><\/li>\n\n\n\n<li><a href=\"https:\/\/drive.google.com\/file\/d\/1O80jRmD7DsLgVxalkDBVzoKhYFqDyAKr\/view?usp=drive_link\">Vitreoretinal surgery (2022) by Dr. Michael Mak<\/a><\/li>\n\n\n\n<li><a href=\"https:\/\/drive.google.com\/file\/d\/1F0dwLxDbwRhTxb3YgEiK9qxBF9lekRbK\/view?usp=drive_link\">Oculoplastics (ASOPRS) (2022) by Dr. Georges Nassrallah<\/a><\/li>\n\n\n\n<li><a href=\"https:\/\/drive.google.com\/file\/d\/1OsERaszCAerz52yUeknP0IF6g7J8KjHu\/view?usp=drive_link\">Fellowship Overview (2021) by Dr. Ellen Zhou<\/a><\/li>\n<\/ul>\n","protected":false},"excerpt":{"rendered":"<p>Chaque ann\u00e9e, notre agent de liaison pour les bourses de recherche organise plusieurs \u00e9v\u00e9nements tout au long de l\u2019ann\u00e9e visant \u00e0 doter les r\u00e9sidents d\u2019une compr\u00e9hension de leurs options de carri\u00e8re apr\u00e8s la r\u00e9sidence. Voici une archive de ressources pour en savoir plus sur ces possibilit\u00e9s offertes aux r\u00e9sidents en ophtalmologie canadiens. Guide des bourses [&hellip;]<\/p>\n","protected":false},"author":3,"featured_media":0,"parent":0,"menu_order":0,"comment_status":"closed","ping_status":"closed","template":"","meta":{"_acf_changed":false,"footnotes":""},"class_list":["post-30238","page","type-page","status-publish","hentry"],"acf":[],"yoast_head":"<!-- This site is optimized with the Yoast SEO plugin v27.3 - https:\/\/yoast.com\/product\/yoast-seo-wordpress\/ -->\n<title>Bourses de recherche - CCOR<\/title>\n<meta name=\"robots\" content=\"index, follow, max-snippet:-1, max-image-preview:large, max-video-preview:-1\" \/>\n<link rel=\"canonical\" href=\"https:\/\/ccor.cos-sco.ca\/fr\/bourses-de-recherche\/\" \/>\n<meta property=\"og:locale\" content=\"fr_FR\" \/>\n<meta property=\"og:type\" content=\"article\" \/>\n<meta property=\"og:title\" content=\"Bourses de recherche - CCOR\" \/>\n<meta property=\"og:description\" content=\"Chaque ann\u00e9e, notre agent de liaison pour les bourses de recherche organise plusieurs \u00e9v\u00e9nements tout au long de l\u2019ann\u00e9e visant \u00e0 doter les r\u00e9sidents d\u2019une compr\u00e9hension de leurs options de carri\u00e8re apr\u00e8s la r\u00e9sidence. Voici une archive de ressources pour en savoir plus sur ces possibilit\u00e9s offertes aux r\u00e9sidents en ophtalmologie canadiens. Guide des bourses [&hellip;]\" \/>\n<meta property=\"og:url\" content=\"https:\/\/ccor.cos-sco.ca\/fr\/bourses-de-recherche\/\" \/>\n<meta property=\"og:site_name\" content=\"CCOR\" \/>\n<meta property=\"article:modified_time\" content=\"2026-02-09T19:44:27+00:00\" \/>\n<meta name=\"twitter:card\" content=\"summary_large_image\" \/>\n<meta name=\"twitter:label1\" content=\"Dur\u00e9e de lecture estim\u00e9e\" \/>\n\t<meta name=\"twitter:data1\" content=\"2 minutes\" \/>\n<script type=\"application\/ld+json\" class=\"yoast-schema-graph\">{\"@context\":\"https:\\\/\\\/schema.org\",\"@graph\":[{\"@type\":\"WebPage\",\"@id\":\"https:\\\/\\\/ccor.cos-sco.ca\\\/fr\\\/bourses-de-recherche\\\/\",\"url\":\"https:\\\/\\\/ccor.cos-sco.ca\\\/fr\\\/bourses-de-recherche\\\/\",\"name\":\"Bourses de recherche - CCOR\",\"isPartOf\":{\"@id\":\"https:\\\/\\\/ccor.cos-sco.ca\\\/#website\"},\"datePublished\":\"2024-05-09T13:26:25+00:00\",\"dateModified\":\"2026-02-09T19:44:27+00:00\",\"breadcrumb\":{\"@id\":\"https:\\\/\\\/ccor.cos-sco.ca\\\/fr\\\/bourses-de-recherche\\\/#breadcrumb\"},\"inLanguage\":\"fr-FR\",\"potentialAction\":[{\"@type\":\"ReadAction\",\"target\":[\"https:\\\/\\\/ccor.cos-sco.ca\\\/fr\\\/bourses-de-recherche\\\/\"]}]},{\"@type\":\"BreadcrumbList\",\"@id\":\"https:\\\/\\\/ccor.cos-sco.ca\\\/fr\\\/bourses-de-recherche\\\/#breadcrumb\",\"itemListElement\":[{\"@type\":\"ListItem\",\"position\":1,\"name\":\"Home\",\"item\":\"https:\\\/\\\/ccor.cos-sco.ca\\\/fr\\\/\"},{\"@type\":\"ListItem\",\"position\":2,\"name\":\"Bourses de recherche\"}]},{\"@type\":\"WebSite\",\"@id\":\"https:\\\/\\\/ccor.cos-sco.ca\\\/#website\",\"url\":\"https:\\\/\\\/ccor.cos-sco.ca\\\/\",\"name\":\"CCOR\",\"description\":\"\",\"potentialAction\":[{\"@type\":\"SearchAction\",\"target\":{\"@type\":\"EntryPoint\",\"urlTemplate\":\"https:\\\/\\\/ccor.cos-sco.ca\\\/?s={search_term_string}\"},\"query-input\":{\"@type\":\"PropertyValueSpecification\",\"valueRequired\":true,\"valueName\":\"search_term_string\"}}],\"inLanguage\":\"fr-FR\"}]}<\/script>\n<!-- \/ Yoast SEO plugin. -->","yoast_head_json":{"title":"Bourses de recherche - CCOR","robots":{"index":"index","follow":"follow","max-snippet":"max-snippet:-1","max-image-preview":"max-image-preview:large","max-video-preview":"max-video-preview:-1"},"canonical":"https:\/\/ccor.cos-sco.ca\/fr\/bourses-de-recherche\/","og_locale":"fr_FR","og_type":"article","og_title":"Bourses de recherche - CCOR","og_description":"Chaque ann\u00e9e, notre agent de liaison pour les bourses de recherche organise plusieurs \u00e9v\u00e9nements tout au long de l\u2019ann\u00e9e visant \u00e0 doter les r\u00e9sidents d\u2019une compr\u00e9hension de leurs options de carri\u00e8re apr\u00e8s la r\u00e9sidence. Voici une archive de ressources pour en savoir plus sur ces possibilit\u00e9s offertes aux r\u00e9sidents en ophtalmologie canadiens. Guide des bourses [&hellip;]","og_url":"https:\/\/ccor.cos-sco.ca\/fr\/bourses-de-recherche\/","og_site_name":"CCOR","article_modified_time":"2026-02-09T19:44:27+00:00","twitter_card":"summary_large_image","twitter_misc":{"Dur\u00e9e de lecture estim\u00e9e":"2 minutes"},"schema":{"@context":"https:\/\/schema.org","@graph":[{"@type":"WebPage","@id":"https:\/\/ccor.cos-sco.ca\/fr\/bourses-de-recherche\/","url":"https:\/\/ccor.cos-sco.ca\/fr\/bourses-de-recherche\/","name":"Bourses de recherche - CCOR","isPartOf":{"@id":"https:\/\/ccor.cos-sco.ca\/#website"},"datePublished":"2024-05-09T13:26:25+00:00","dateModified":"2026-02-09T19:44:27+00:00","breadcrumb":{"@id":"https:\/\/ccor.cos-sco.ca\/fr\/bourses-de-recherche\/#breadcrumb"},"inLanguage":"fr-FR","potentialAction":[{"@type":"ReadAction","target":["https:\/\/ccor.cos-sco.ca\/fr\/bourses-de-recherche\/"]}]},{"@type":"BreadcrumbList","@id":"https:\/\/ccor.cos-sco.ca\/fr\/bourses-de-recherche\/#breadcrumb","itemListElement":[{"@type":"ListItem","position":1,"name":"Home","item":"https:\/\/ccor.cos-sco.ca\/fr\/"},{"@type":"ListItem","position":2,"name":"Bourses de recherche"}]},{"@type":"WebSite","@id":"https:\/\/ccor.cos-sco.ca\/#website","url":"https:\/\/ccor.cos-sco.ca\/","name":"CCOR","description":"","potentialAction":[{"@type":"SearchAction","target":{"@type":"EntryPoint","urlTemplate":"https:\/\/ccor.cos-sco.ca\/?s={search_term_string}"},"query-input":{"@type":"PropertyValueSpecification","valueRequired":true,"valueName":"search_term_string"}}],"inLanguage":"fr-FR"}]}},"publishpress_future_action":{"enabled":false,"date":"2026-04-10 23:59:13","action":"change-status","newStatus":"draft","terms":[],"taxonomy":"translation_priority","extraData":[]},"publishpress_future_workflow_manual_trigger":{"enabledWorkflows":[]},"_links":{"self":[{"href":"https:\/\/ccor.cos-sco.ca\/fr\/wp-json\/wp\/v2\/pages\/30238","targetHints":{"allow":["GET"]}}],"collection":[{"href":"https:\/\/ccor.cos-sco.ca\/fr\/wp-json\/wp\/v2\/pages"}],"about":[{"href":"https:\/\/ccor.cos-sco.ca\/fr\/wp-json\/wp\/v2\/types\/page"}],"author":[{"embeddable":true,"href":"https:\/\/ccor.cos-sco.ca\/fr\/wp-json\/wp\/v2\/users\/3"}],"replies":[{"embeddable":true,"href":"https:\/\/ccor.cos-sco.ca\/fr\/wp-json\/wp\/v2\/comments?post=30238"}],"version-history":[{"count":2,"href":"https:\/\/ccor.cos-sco.ca\/fr\/wp-json\/wp\/v2\/pages\/30238\/revisions"}],"predecessor-version":[{"id":30240,"href":"https:\/\/ccor.cos-sco.ca\/fr\/wp-json\/wp\/v2\/pages\/30238\/revisions\/30240"}],"wp:attachment":[{"href":"https:\/\/ccor.cos-sco.ca\/fr\/wp-json\/wp\/v2\/media?parent=30238"}],"curies":[{"name":"wp","href":"https:\/\/api.w.org\/{rel}","templated":true}]}}