{"id":30241,"date":"2024-05-09T09:25:47","date_gmt":"2024-05-09T13:25:47","guid":{"rendered":"https:\/\/ccor.cos-sco.ca\/ressources\/"},"modified":"2026-02-09T14:47:43","modified_gmt":"2026-02-09T19:47:43","slug":"ressources","status":"publish","type":"page","link":"https:\/\/ccor.cos-sco.ca\/fr\/ressources\/","title":{"rendered":"Ressources"},"content":{"rendered":"\n<div style=\"height:75px\" aria-hidden=\"true\" class=\"wp-block-spacer\"><\/div>\n<h1 class=\"has-text-align-center has-link-color wp-elements-bc76c291a7e09a094cb3f8ec4369ea44 wp-block-post-title has-text-color has-black-color has-x-large-font-size\">Ressources<\/h1>\n<h2 class=\"wp-block-heading\">\u00c9v\u00e9nements enregistr\u00e9s<\/h2>\n\n<div class=\"wp-block-columns is-layout-flex wp-container-core-columns-is-layout-9d6595d7 wp-block-columns-is-layout-flex\">\n<div class=\"wp-block-column is-layout-flow wp-block-column-is-layout-flow\" style=\"flex-basis:50%\">\n<h3 class=\"wp-block-heading\">S\u00e9rie de conf\u00e9rences Orbis<\/h3>\n\n\n\n<ul class=\"wp-block-list\">\n<li><a href=\"https:\/\/www.youtube.com\/watch?v=lhmKciewPEM\" target=\"_blank\" rel=\"noreferrer noopener\">Ethics in Global Ophthalmology (Oct 2024)<\/a><\/li>\n\n\n\n<li><a href=\"https:\/\/youtu.be\/C7erEeo1VOg\" target=\"_blank\" rel=\"noreferrer noopener\">Experiences in International Eye Health (Dec 2022)<\/a><\/li>\n\n\n\n<li><a href=\"https:\/\/youtu.be\/dUBPL7-MEhM\" target=\"_blank\" rel=\"noreferrer noopener\">Experiences and Opportunities in Eye Health (April 2022)<\/a><\/li>\n<\/ul>\n<\/div>\n\n\n\n<div class=\"wp-block-column is-layout-flow wp-block-column-is-layout-flow\" style=\"flex-basis:50%\">\n<h3 class=\"wp-block-heading\">Gestion financi\u00e8re MD<\/h3>\n\n\n\n<ul class=\"wp-block-list\">\n<li><a href=\"https:\/\/youtu.be\/RJMQB8mEnbY\" target=\"_blank\" rel=\"noreferrer noopener\">Financial Planning for Residents (Mars 2025)<\/a><\/li>\n\n\n\n<li><a href=\"https:\/\/youtu.be\/n7Ks7E88iDU\" target=\"_blank\" rel=\"noreferrer noopener\">Incorporation and Its Implications (May 2024)<\/a><\/li>\n\n\n\n<li><a href=\"https:\/\/youtu.be\/5rg3ALadZvU\" target=\"_blank\" rel=\"noreferrer noopener\">Workshop for Ophthalmology Residents in Canada (May 2022)<\/a><\/li>\n<\/ul>\n<\/div>\n<\/div>\n\n<h2 class=\"wp-block-heading\">Offres d\u2019emploi<\/h2>\n\n<div class=\"wp-block-buttons is-content-justification-left is-layout-flex wp-container-core-buttons-is-layout-fdcfc74e wp-block-buttons-is-layout-flex\">\n<div class=\"wp-block-button\"><a class=\"wp-block-button__link wp-element-button\" href=\"https:\/\/www.cos-sco.ca\/fr\/job-postings\/\" target=\"_blank\" rel=\"noreferrer noopener\">SCO \u260d<\/a><\/div>\n\n\n\n<div class=\"wp-block-button\"><a class=\"wp-block-button__link wp-element-button\" href=\"https:\/\/ophthjobs.aao.org\/\" target=\"_blank\" rel=\"noreferrer noopener\">AAO \u260d<\/a><\/div>\n<\/div>\n\n<h2 class=\"wp-block-heading\">Programme de mentorat \u00e0 l\u2019intention des \u00e9tudiants en m\u00e9decine du GECIO <\/h2>\n\n<p>Le programme canadien de mentorat en ophtalmologie (PCMO) est une occasion pour les \u00e9tudiants en m\u00e9decine d\u2019\u00e9changer avec des r\u00e9sidents en ophtalmologie du Canada pour apprendre et progresser dans leur carri\u00e8re.<\/p>\n\n<div class=\"wp-block-buttons is-layout-flex wp-block-buttons-is-layout-flex\">\n<div class=\"wp-block-button\"><a class=\"wp-block-button__link wp-element-button\" href=\"https:\/\/www.cosig-gecio.com\/comp\" target=\"_blank\" rel=\"noreferrer noopener\">PCMO \u260d<\/a><\/div>\n<\/div>\n\n<h2 class=\"wp-block-heading\">Congr\u00e8s et conf\u00e9rences d\u2019int\u00e9r\u00eat pour les r\u00e9sidents<\/h2>\n\n<ul class=\"wp-block-list\">\n<li><a href=\"https:\/\/www.asrs.org\/annual-meeting\" target=\"_blank\" rel=\"noreferrer noopener\">American Society of Retina Specialists (ASRS)<\/a><\/li>\n\n\n\n<li><a href=\"http:\/\/escrs.org\/barcelona2015\" target=\"_blank\" rel=\"noreferrer noopener\">European Society of Cataract and Refractive Surgery (ESCRS)<\/a><\/li>\n\n\n\n<li><a href=\"https:\/\/www.cos-sco.ca\/sallyletson\/2015\/index.php\" target=\"_blank\" rel=\"noreferrer noopener\">Sally Letson<\/a><\/li>\n\n\n\n<li><a href=\"http:\/\/www.royalcollege.ca\/portal\/page\/portal\/rc\/events\/icre\" target=\"_blank\" rel=\"noreferrer noopener\">International Conference on Residency Education (ICRE)<\/a><\/li>\n\n\n\n<li><a href=\"http:\/\/www.aao.org\/meetings\/annual_meeting\/\" target=\"_blank\" rel=\"noreferrer noopener\">American Academy of Opthalmology (AAO)<\/a><\/li>\n\n\n\n<li>*<a href=\"http:\/\/www.cpd.utoronto.ca\/walterwright\/\" target=\"_blank\" rel=\"noreferrer noopener\">Walter Wright<\/a><\/li>\n\n\n\n<li><a href=\"http:\/\/www.cstellingitlikeitis.com\/program.html\" target=\"_blank\" rel=\"noreferrer noopener\">Cataract Surgery: Telling it like it is!<\/a><\/li>\n\n\n\n<li>*<a href=\"http:\/\/www.joul.ca\/\" target=\"_blank\" rel=\"noreferrer noopener\">Journees ophtalmologiques de l\u2019universite Laval (JOUL)<\/a><\/li>\n\n\n\n<li>*<a href=\"http:\/\/www.cpd.utoronto.ca\/cataract\/\" target=\"_blank\" rel=\"noreferrer noopener\">Toronto Cataract Course (TCC)<\/a><\/li>\n\n\n\n<li>*<a href=\"http:\/\/www.americanglaucomasociety.net\/meeting\" target=\"_blank\" rel=\"noreferrer noopener\">American Glaucoma Society (AGS)<\/a><\/li>\n\n\n\n<li><a href=\"http:\/\/www.nanosweb.org\/i4a\/pages\/index.cfm?pageID=3806\" target=\"_blank\" rel=\"noreferrer noopener\">North American Neuro-Ophthalmology Society (NANOS)<\/a><\/li>\n\n\n\n<li>*<a href=\"http:\/\/annualmeeting.ascrs.org\/\" target=\"_blank\" rel=\"noreferrer noopener\">American Society of Cataract and Refractive Surgery (ASCRS)<\/a><\/li>\n\n\n\n<li><a href=\"http:\/\/www.arvo.org\/Annual_Meeting\/Program\/\" target=\"_blank\" rel=\"noreferrer noopener\">Association for Research in Vision and Ophthalmology (ARVO)<\/a><\/li>\n\n\n\n<li>*<a href=\"http:\/\/www.eoum.ca\/home.html\" target=\"_blank\" rel=\"noreferrer noopener\">Entretiens Ophtalmologiques de l\u2019Universite de Montreal (EOUM)<\/a><\/li>\n<\/ul>\n\n<p>*Inscription GRATUITE pour les r\u00e9sidents en ophtalmologie canadiens<\/p>\n\n<p>Voir \u00e9galement la liste des \u00e9v\u00e9nements \u00e0 venir de la SCO<\/p>\n","protected":false},"excerpt":{"rendered":"<p>\u00c9v\u00e9nements enregistr\u00e9s S\u00e9rie de conf\u00e9rences Orbis Gestion financi\u00e8re MD Offres d\u2019emploi Programme de mentorat \u00e0 l\u2019intention des \u00e9tudiants en m\u00e9decine du GECIO Le programme canadien de mentorat en ophtalmologie (PCMO) est une occasion pour les \u00e9tudiants en m\u00e9decine d\u2019\u00e9changer avec des r\u00e9sidents en ophtalmologie du Canada pour apprendre et progresser dans leur carri\u00e8re. Congr\u00e8s et [&hellip;]<\/p>\n","protected":false},"author":3,"featured_media":0,"parent":0,"menu_order":0,"comment_status":"closed","ping_status":"closed","template":"","meta":{"_acf_changed":false,"footnotes":""},"class_list":["post-30241","page","type-page","status-publish","hentry"],"acf":[],"yoast_head":"<!-- This site is optimized with the Yoast SEO plugin v27.3 - https:\/\/yoast.com\/product\/yoast-seo-wordpress\/ -->\n<title>Ressources - CCOR<\/title>\n<meta name=\"robots\" content=\"index, follow, max-snippet:-1, max-image-preview:large, max-video-preview:-1\" \/>\n<link rel=\"canonical\" href=\"https:\/\/ccor.cos-sco.ca\/fr\/ressources\/\" \/>\n<meta property=\"og:locale\" content=\"fr_FR\" \/>\n<meta property=\"og:type\" content=\"article\" \/>\n<meta property=\"og:title\" content=\"Ressources - CCOR\" \/>\n<meta property=\"og:description\" content=\"\u00c9v\u00e9nements enregistr\u00e9s S\u00e9rie de conf\u00e9rences Orbis Gestion financi\u00e8re MD Offres d\u2019emploi Programme de mentorat \u00e0 l\u2019intention des \u00e9tudiants en m\u00e9decine du GECIO Le programme canadien de mentorat en ophtalmologie (PCMO) est une occasion pour les \u00e9tudiants en m\u00e9decine d\u2019\u00e9changer avec des r\u00e9sidents en ophtalmologie du Canada pour apprendre et progresser dans leur carri\u00e8re. Congr\u00e8s et [&hellip;]\" \/>\n<meta property=\"og:url\" content=\"https:\/\/ccor.cos-sco.ca\/fr\/ressources\/\" \/>\n<meta property=\"og:site_name\" content=\"CCOR\" \/>\n<meta property=\"article:modified_time\" content=\"2026-02-09T19:47:43+00:00\" \/>\n<meta name=\"twitter:card\" content=\"summary_large_image\" \/>\n<meta name=\"twitter:label1\" content=\"Dur\u00e9e de lecture estim\u00e9e\" \/>\n\t<meta name=\"twitter:data1\" content=\"1 minute\" \/>\n<script type=\"application\/ld+json\" class=\"yoast-schema-graph\">{\"@context\":\"https:\\\/\\\/schema.org\",\"@graph\":[{\"@type\":\"WebPage\",\"@id\":\"https:\\\/\\\/ccor.cos-sco.ca\\\/fr\\\/ressources\\\/\",\"url\":\"https:\\\/\\\/ccor.cos-sco.ca\\\/fr\\\/ressources\\\/\",\"name\":\"Ressources - CCOR\",\"isPartOf\":{\"@id\":\"https:\\\/\\\/ccor.cos-sco.ca\\\/#website\"},\"datePublished\":\"2024-05-09T13:25:47+00:00\",\"dateModified\":\"2026-02-09T19:47:43+00:00\",\"breadcrumb\":{\"@id\":\"https:\\\/\\\/ccor.cos-sco.ca\\\/fr\\\/ressources\\\/#breadcrumb\"},\"inLanguage\":\"fr-FR\",\"potentialAction\":[{\"@type\":\"ReadAction\",\"target\":[\"https:\\\/\\\/ccor.cos-sco.ca\\\/fr\\\/ressources\\\/\"]}]},{\"@type\":\"BreadcrumbList\",\"@id\":\"https:\\\/\\\/ccor.cos-sco.ca\\\/fr\\\/ressources\\\/#breadcrumb\",\"itemListElement\":[{\"@type\":\"ListItem\",\"position\":1,\"name\":\"Home\",\"item\":\"https:\\\/\\\/ccor.cos-sco.ca\\\/fr\\\/\"},{\"@type\":\"ListItem\",\"position\":2,\"name\":\"Ressources\"}]},{\"@type\":\"WebSite\",\"@id\":\"https:\\\/\\\/ccor.cos-sco.ca\\\/#website\",\"url\":\"https:\\\/\\\/ccor.cos-sco.ca\\\/\",\"name\":\"CCOR\",\"description\":\"\",\"potentialAction\":[{\"@type\":\"SearchAction\",\"target\":{\"@type\":\"EntryPoint\",\"urlTemplate\":\"https:\\\/\\\/ccor.cos-sco.ca\\\/?s={search_term_string}\"},\"query-input\":{\"@type\":\"PropertyValueSpecification\",\"valueRequired\":true,\"valueName\":\"search_term_string\"}}],\"inLanguage\":\"fr-FR\"}]}<\/script>\n<!-- \/ Yoast SEO plugin. -->","yoast_head_json":{"title":"Ressources - CCOR","robots":{"index":"index","follow":"follow","max-snippet":"max-snippet:-1","max-image-preview":"max-image-preview:large","max-video-preview":"max-video-preview:-1"},"canonical":"https:\/\/ccor.cos-sco.ca\/fr\/ressources\/","og_locale":"fr_FR","og_type":"article","og_title":"Ressources - CCOR","og_description":"\u00c9v\u00e9nements enregistr\u00e9s S\u00e9rie de conf\u00e9rences Orbis Gestion financi\u00e8re MD Offres d\u2019emploi Programme de mentorat \u00e0 l\u2019intention des \u00e9tudiants en m\u00e9decine du GECIO Le programme canadien de mentorat en ophtalmologie (PCMO) est une occasion pour les \u00e9tudiants en m\u00e9decine d\u2019\u00e9changer avec des r\u00e9sidents en ophtalmologie du Canada pour apprendre et progresser dans leur carri\u00e8re. Congr\u00e8s et [&hellip;]","og_url":"https:\/\/ccor.cos-sco.ca\/fr\/ressources\/","og_site_name":"CCOR","article_modified_time":"2026-02-09T19:47:43+00:00","twitter_card":"summary_large_image","twitter_misc":{"Dur\u00e9e de lecture estim\u00e9e":"1 minute"},"schema":{"@context":"https:\/\/schema.org","@graph":[{"@type":"WebPage","@id":"https:\/\/ccor.cos-sco.ca\/fr\/ressources\/","url":"https:\/\/ccor.cos-sco.ca\/fr\/ressources\/","name":"Ressources - CCOR","isPartOf":{"@id":"https:\/\/ccor.cos-sco.ca\/#website"},"datePublished":"2024-05-09T13:25:47+00:00","dateModified":"2026-02-09T19:47:43+00:00","breadcrumb":{"@id":"https:\/\/ccor.cos-sco.ca\/fr\/ressources\/#breadcrumb"},"inLanguage":"fr-FR","potentialAction":[{"@type":"ReadAction","target":["https:\/\/ccor.cos-sco.ca\/fr\/ressources\/"]}]},{"@type":"BreadcrumbList","@id":"https:\/\/ccor.cos-sco.ca\/fr\/ressources\/#breadcrumb","itemListElement":[{"@type":"ListItem","position":1,"name":"Home","item":"https:\/\/ccor.cos-sco.ca\/fr\/"},{"@type":"ListItem","position":2,"name":"Ressources"}]},{"@type":"WebSite","@id":"https:\/\/ccor.cos-sco.ca\/#website","url":"https:\/\/ccor.cos-sco.ca\/","name":"CCOR","description":"","potentialAction":[{"@type":"SearchAction","target":{"@type":"EntryPoint","urlTemplate":"https:\/\/ccor.cos-sco.ca\/?s={search_term_string}"},"query-input":{"@type":"PropertyValueSpecification","valueRequired":true,"valueName":"search_term_string"}}],"inLanguage":"fr-FR"}]}},"publishpress_future_action":{"enabled":false,"date":"2026-04-11 01:23:38","action":"change-status","newStatus":"draft","terms":[],"taxonomy":"translation_priority","extraData":[]},"publishpress_future_workflow_manual_trigger":{"enabledWorkflows":[]},"_links":{"self":[{"href":"https:\/\/ccor.cos-sco.ca\/fr\/wp-json\/wp\/v2\/pages\/30241","targetHints":{"allow":["GET"]}}],"collection":[{"href":"https:\/\/ccor.cos-sco.ca\/fr\/wp-json\/wp\/v2\/pages"}],"about":[{"href":"https:\/\/ccor.cos-sco.ca\/fr\/wp-json\/wp\/v2\/types\/page"}],"author":[{"embeddable":true,"href":"https:\/\/ccor.cos-sco.ca\/fr\/wp-json\/wp\/v2\/users\/3"}],"replies":[{"embeddable":true,"href":"https:\/\/ccor.cos-sco.ca\/fr\/wp-json\/wp\/v2\/comments?post=30241"}],"version-history":[{"count":1,"href":"https:\/\/ccor.cos-sco.ca\/fr\/wp-json\/wp\/v2\/pages\/30241\/revisions"}],"predecessor-version":[{"id":30242,"href":"https:\/\/ccor.cos-sco.ca\/fr\/wp-json\/wp\/v2\/pages\/30241\/revisions\/30242"}],"wp:attachment":[{"href":"https:\/\/ccor.cos-sco.ca\/fr\/wp-json\/wp\/v2\/media?parent=30241"}],"curies":[{"name":"wp","href":"https:\/\/api.w.org\/{rel}","templated":true}]}}