{"id":3799,"date":"2018-07-26T15:28:06","date_gmt":"2018-07-26T19:28:06","guid":{"rendered":"https:\/\/cos-prc.machinedev.ca\/?page_id=3799"},"modified":"2026-02-09T14:24:18","modified_gmt":"2026-02-09T19:24:18","slug":"homepage","status":"publish","type":"page","link":"https:\/\/ccor.cos-sco.ca\/fr\/","title":{"rendered":"Accueil"},"content":{"rendered":"\n<div class=\"wp-block-cover is-light wp-duotone-unset-1\"><img loading=\"lazy\" decoding=\"async\" width=\"1024\" height=\"768\" class=\"wp-block-cover__image-background wp-image-30138 size-large\" alt=\"\" src=\"https:\/\/ccor.cos-sco.ca\/wp-content\/uploads\/2025\/08\/20250619_115505_Original-2-1024x768.jpg\" style=\"object-position:60% 49%\" data-object-fit=\"cover\" data-object-position=\"60% 49%\" srcset=\"https:\/\/ccor.cos-sco.ca\/wp-content\/uploads\/2025\/08\/20250619_115505_Original-2-1024x768.jpg 1024w, https:\/\/ccor.cos-sco.ca\/wp-content\/uploads\/2025\/08\/20250619_115505_Original-2-300x225.jpg 300w, https:\/\/ccor.cos-sco.ca\/wp-content\/uploads\/2025\/08\/20250619_115505_Original-2-768x576.jpg 768w, https:\/\/ccor.cos-sco.ca\/wp-content\/uploads\/2025\/08\/20250619_115505_Original-2-1536x1152.jpg 1536w, https:\/\/ccor.cos-sco.ca\/wp-content\/uploads\/2025\/08\/20250619_115505_Original-2-2048x1536.jpg 2048w, https:\/\/ccor.cos-sco.ca\/wp-content\/uploads\/2025\/08\/20250619_115505_Original-2-1920x1440.jpg 1920w\" sizes=\"auto, (max-width: 1024px) 100vw, 1024px\" \/><span aria-hidden=\"true\" class=\"wp-block-cover__background has-background-dim\" style=\"background-color:#969ea8\"><\/span><div class=\"wp-block-cover__inner-container is-layout-constrained wp-block-cover-is-layout-constrained\">\n<p class=\"has-text-align-center has-x-large-font-size\"><strong>Conseil canadien des m\u00e9decins r\u00e9sidents en ophtalmologie<\/strong><\/p>\n<\/div><\/div>\n\n\n\n<section class=\"section section--text-with-image\" >\n  <div class=\"grid-container\">\n    <div class=\"grid-x grid-padding-x align-middle\">\n      <div class=\"cell medium-6 medium-order-2\">\n                  <h3>Qui nous somme<\/h3>\n                <p>Le Conseil canadien des m\u00e9decins r\u00e9sidents en ophtalmologie (CCRO) est un comit\u00e9 de la <a href=\"https:\/\/www.cos-sco.ca\/fr\/\">Soci\u00e9t\u00e9 canadienne des ophtalmologistes<\/a> (SCO). Notre groupe est dirig\u00e9 par des r\u00e9sidents en ophtalmologie b\u00e9n\u00e9voles des quatre coins du Canada. Nous offrons une plateforme pour la collaboration entre r\u00e9sidents, la d\u00e9fense de leurs int\u00e9r\u00eats et la diffusion de ressources \u00e9ducatives et de planification de carri\u00e8re. Nous organisons le symposium pour les \u00e9tudiants en m\u00e9decine et celui \u00e0 l\u2019intention des r\u00e9sidents au Congr\u00e8s annuel de la SCO, ainsi que d\u2019autres activit\u00e9s sociales tout au long de l\u2019ann\u00e9e.<\/p>\n      <\/div>\n      <div class=\"cell medium-6 medium-order-1\">\n                  <img decoding=\"async\" src=\"https:\/\/ccor.cos-sco.ca\/wp-content\/uploads\/2020\/06\/doctor-Ophtalmologist-.jpg\" alt=\"\">\n              <\/div>\n    <\/div>\n  <\/div>\n<\/section>\n\n\n\n<section class=\"section section--text-with-image\" >\n  <div class=\"grid-container\">\n    <div class=\"grid-x grid-padding-x align-middle\">\n      <div class=\"cell medium-6 \">\n                  <h3>Instagram<\/h3>\n                <p>Suivez-nous sur Instagram <a href=\"https:\/\/www.instagram.com\/ccor_ophthoresidents\/\">@ccor_ophthoresidents<\/a> pour les derni\u00e8res mises \u00e0 jour sur les \u00e9v\u00e9nements \u00e0 venir!<\/p>\n      <\/div>\n      <div class=\"cell medium-6 \">\n                  <img decoding=\"async\" src=\"https:\/\/ccor.cos-sco.ca\/wp-content\/uploads\/2021\/06\/Phone-3-Contact-us-.jpg\" alt=\"\">\n              <\/div>\n    <\/div>\n  <\/div>\n<\/section>\n\n\n\n<section class=\"section section--text-with-image\" >\n  <div class=\"grid-container\">\n    <div class=\"grid-x grid-padding-x align-middle\">\n      <div class=\"cell medium-6 medium-order-2\">\n                  <h3>Courriel<\/h3>\n                <p>De plus, nous envoyons r\u00e9guli\u00e8rement des courriels \u00e0 l\u2019aide d\u2019une liste de diffusion g\u00e9r\u00e9e par la SCO. Les r\u00e9sidents en ophtalmologie canadiens sont automatiquement ajout\u00e9s \u00e0 la liste de diffusion au moment de leur admission en r\u00e9sidence, mais si vous ne recevez pas les courriels, veuillez communiquer avec Rita Afeltra, gestionnaire de l\u2019adh\u00e9sion : <a href=\"mailto:rafeltra@cos-sco.ca\">rafeltra@cos-sco.ca<\/a>. Veuillez noter que cette liste de diffusion s\u2019adresse UNIQUEMENT aux r\u00e9sidents en ophtalmologie canadiens.<\/p>\n<p>Pour toute demande ou question, vous communiquer avec la pr\u00e9sidence du CCRO \u00e0 l\u2019adresse : <a href=\"mailto:president.CCOR@gmail.com\">president.CCOR@gmail.com<\/a>.<\/p>\n      <\/div>\n      <div class=\"cell medium-6 medium-order-1\">\n                  <img decoding=\"async\" src=\"https:\/\/ccor.cos-sco.ca\/wp-content\/uploads\/2021\/06\/phone-2.jpg\" alt=\"\">\n              <\/div>\n    <\/div>\n  <\/div>\n<\/section>\n","protected":false},"excerpt":{"rendered":"","protected":false},"author":56072,"featured_media":0,"parent":0,"menu_order":13,"comment_status":"closed","ping_status":"closed","template":"","meta":{"_acf_changed":false,"footnotes":""},"class_list":["post-3799","page","type-page","status-publish","hentry"],"acf":[],"yoast_head":"<!-- This site is optimized with the Yoast SEO plugin v27.5 - https:\/\/yoast.com\/product\/yoast-seo-wordpress\/ -->\n<title>CCOR - Conseil canadien des m\u00e9decins r\u00e9sidents en ophtalmologie<\/title>\n<meta name=\"description\" content=\"La voix officielle des r\u00e9sidents en ophtalmologie au Canada. Le CCOR favorise l&#039;excellence dans la formation en soins oculaires par le leadership, la d\u00e9fense des int\u00e9r\u00eats et la collaboration nationale.\" \/>\n<meta name=\"robots\" content=\"index, follow, max-snippet:-1, max-image-preview:large, max-video-preview:-1\" \/>\n<link rel=\"canonical\" href=\"https:\/\/ccor.cos-sco.ca\/fr\/\" \/>\n<meta property=\"og:locale\" content=\"fr_FR\" \/>\n<meta property=\"og:type\" content=\"article\" \/>\n<meta property=\"og:title\" content=\"CCOR - Conseil canadien des m\u00e9decins r\u00e9sidents en ophtalmologie\" \/>\n<meta property=\"og:description\" content=\"La voix officielle des r\u00e9sidents en ophtalmologie au Canada. Le CCOR favorise l&#039;excellence dans la formation en soins oculaires par le leadership, la d\u00e9fense des int\u00e9r\u00eats et la collaboration nationale.\" \/>\n<meta property=\"og:url\" content=\"https:\/\/ccor.cos-sco.ca\/fr\/\" \/>\n<meta property=\"og:site_name\" content=\"CCOR\" \/>\n<meta property=\"article:modified_time\" content=\"2026-02-09T19:24:18+00:00\" \/>\n<meta property=\"og:image\" content=\"https:\/\/ccor.cos-sco.ca\/wp-content\/uploads\/2025\/08\/20250619_115505_Original-2-scaled.jpg\" \/>\n\t<meta property=\"og:image:width\" content=\"2560\" \/>\n\t<meta property=\"og:image:height\" content=\"1920\" \/>\n\t<meta property=\"og:image:type\" content=\"image\/jpeg\" \/>\n<meta name=\"twitter:card\" content=\"summary_large_image\" \/>\n<meta name=\"twitter:label1\" content=\"Dur\u00e9e de lecture estim\u00e9e\" \/>\n\t<meta name=\"twitter:data1\" content=\"1 minute\" \/>\n<script type=\"application\/ld+json\" class=\"yoast-schema-graph\">{\"@context\":\"https:\\\/\\\/schema.org\",\"@graph\":[{\"@type\":\"WebPage\",\"@id\":\"https:\\\/\\\/ccor.cos-sco.ca\\\/fr\\\/\",\"url\":\"https:\\\/\\\/ccor.cos-sco.ca\\\/fr\\\/\",\"name\":\"CCOR - Conseil canadien des m\u00e9decins r\u00e9sidents en ophtalmologie\",\"isPartOf\":{\"@id\":\"https:\\\/\\\/ccor.cos-sco.ca\\\/#website\"},\"primaryImageOfPage\":{\"@id\":\"https:\\\/\\\/ccor.cos-sco.ca\\\/fr\\\/#primaryimage\"},\"image\":{\"@id\":\"https:\\\/\\\/ccor.cos-sco.ca\\\/fr\\\/#primaryimage\"},\"thumbnailUrl\":\"https:\\\/\\\/ccor.cos-sco.ca\\\/wp-content\\\/uploads\\\/2025\\\/08\\\/20250619_115505_Original-2-1024x768.jpg\",\"datePublished\":\"2018-07-26T19:28:06+00:00\",\"dateModified\":\"2026-02-09T19:24:18+00:00\",\"description\":\"La voix officielle des r\u00e9sidents en ophtalmologie au Canada. Le CCOR favorise l'excellence dans la formation en soins oculaires par le leadership, la d\u00e9fense des int\u00e9r\u00eats et la collaboration nationale.\",\"breadcrumb\":{\"@id\":\"https:\\\/\\\/ccor.cos-sco.ca\\\/fr\\\/#breadcrumb\"},\"inLanguage\":\"fr-FR\",\"potentialAction\":[{\"@type\":\"ReadAction\",\"target\":[\"https:\\\/\\\/ccor.cos-sco.ca\\\/fr\\\/\"]}]},{\"@type\":\"ImageObject\",\"inLanguage\":\"fr-FR\",\"@id\":\"https:\\\/\\\/ccor.cos-sco.ca\\\/fr\\\/#primaryimage\",\"url\":\"https:\\\/\\\/ccor.cos-sco.ca\\\/wp-content\\\/uploads\\\/2025\\\/08\\\/20250619_115505_Original-2-1024x768.jpg\",\"contentUrl\":\"https:\\\/\\\/ccor.cos-sco.ca\\\/wp-content\\\/uploads\\\/2025\\\/08\\\/20250619_115505_Original-2-1024x768.jpg\"},{\"@type\":\"BreadcrumbList\",\"@id\":\"https:\\\/\\\/ccor.cos-sco.ca\\\/fr\\\/#breadcrumb\",\"itemListElement\":[{\"@type\":\"ListItem\",\"position\":1,\"name\":\"Home\",\"item\":\"https:\\\/\\\/ccor.cos-sco.ca\\\/fr\\\/\"},{\"@type\":\"ListItem\",\"position\":2,\"name\":\"Accueil\"}]},{\"@type\":\"WebSite\",\"@id\":\"https:\\\/\\\/ccor.cos-sco.ca\\\/#website\",\"url\":\"https:\\\/\\\/ccor.cos-sco.ca\\\/\",\"name\":\"CCOR\",\"description\":\"\",\"potentialAction\":[{\"@type\":\"SearchAction\",\"target\":{\"@type\":\"EntryPoint\",\"urlTemplate\":\"https:\\\/\\\/ccor.cos-sco.ca\\\/?s={search_term_string}\"},\"query-input\":{\"@type\":\"PropertyValueSpecification\",\"valueRequired\":true,\"valueName\":\"search_term_string\"}}],\"inLanguage\":\"fr-FR\"}]}<\/script>\n<!-- \/ Yoast SEO plugin. -->","yoast_head_json":{"title":"CCOR - Conseil canadien des m\u00e9decins r\u00e9sidents en ophtalmologie","description":"La voix officielle des r\u00e9sidents en ophtalmologie au Canada. Le CCOR favorise l'excellence dans la formation en soins oculaires par le leadership, la d\u00e9fense des int\u00e9r\u00eats et la collaboration nationale.","robots":{"index":"index","follow":"follow","max-snippet":"max-snippet:-1","max-image-preview":"max-image-preview:large","max-video-preview":"max-video-preview:-1"},"canonical":"https:\/\/ccor.cos-sco.ca\/fr\/","og_locale":"fr_FR","og_type":"article","og_title":"CCOR - Conseil canadien des m\u00e9decins r\u00e9sidents en ophtalmologie","og_description":"La voix officielle des r\u00e9sidents en ophtalmologie au Canada. Le CCOR favorise l'excellence dans la formation en soins oculaires par le leadership, la d\u00e9fense des int\u00e9r\u00eats et la collaboration nationale.","og_url":"https:\/\/ccor.cos-sco.ca\/fr\/","og_site_name":"CCOR","article_modified_time":"2026-02-09T19:24:18+00:00","og_image":[{"width":2560,"height":1920,"url":"https:\/\/ccor.cos-sco.ca\/wp-content\/uploads\/2025\/08\/20250619_115505_Original-2-scaled.jpg","type":"image\/jpeg"}],"twitter_card":"summary_large_image","twitter_misc":{"Dur\u00e9e de lecture estim\u00e9e":"1 minute"},"schema":{"@context":"https:\/\/schema.org","@graph":[{"@type":"WebPage","@id":"https:\/\/ccor.cos-sco.ca\/fr\/","url":"https:\/\/ccor.cos-sco.ca\/fr\/","name":"CCOR - Conseil canadien des m\u00e9decins r\u00e9sidents en ophtalmologie","isPartOf":{"@id":"https:\/\/ccor.cos-sco.ca\/#website"},"primaryImageOfPage":{"@id":"https:\/\/ccor.cos-sco.ca\/fr\/#primaryimage"},"image":{"@id":"https:\/\/ccor.cos-sco.ca\/fr\/#primaryimage"},"thumbnailUrl":"https:\/\/ccor.cos-sco.ca\/wp-content\/uploads\/2025\/08\/20250619_115505_Original-2-1024x768.jpg","datePublished":"2018-07-26T19:28:06+00:00","dateModified":"2026-02-09T19:24:18+00:00","description":"La voix officielle des r\u00e9sidents en ophtalmologie au Canada. Le CCOR favorise l'excellence dans la formation en soins oculaires par le leadership, la d\u00e9fense des int\u00e9r\u00eats et la collaboration nationale.","breadcrumb":{"@id":"https:\/\/ccor.cos-sco.ca\/fr\/#breadcrumb"},"inLanguage":"fr-FR","potentialAction":[{"@type":"ReadAction","target":["https:\/\/ccor.cos-sco.ca\/fr\/"]}]},{"@type":"ImageObject","inLanguage":"fr-FR","@id":"https:\/\/ccor.cos-sco.ca\/fr\/#primaryimage","url":"https:\/\/ccor.cos-sco.ca\/wp-content\/uploads\/2025\/08\/20250619_115505_Original-2-1024x768.jpg","contentUrl":"https:\/\/ccor.cos-sco.ca\/wp-content\/uploads\/2025\/08\/20250619_115505_Original-2-1024x768.jpg"},{"@type":"BreadcrumbList","@id":"https:\/\/ccor.cos-sco.ca\/fr\/#breadcrumb","itemListElement":[{"@type":"ListItem","position":1,"name":"Home","item":"https:\/\/ccor.cos-sco.ca\/fr\/"},{"@type":"ListItem","position":2,"name":"Accueil"}]},{"@type":"WebSite","@id":"https:\/\/ccor.cos-sco.ca\/#website","url":"https:\/\/ccor.cos-sco.ca\/","name":"CCOR","description":"","potentialAction":[{"@type":"SearchAction","target":{"@type":"EntryPoint","urlTemplate":"https:\/\/ccor.cos-sco.ca\/?s={search_term_string}"},"query-input":{"@type":"PropertyValueSpecification","valueRequired":true,"valueName":"search_term_string"}}],"inLanguage":"fr-FR"}]}},"publishpress_future_action":{"enabled":false,"date":"2026-05-14 09:24:09","action":"change-status","newStatus":"draft","terms":[],"taxonomy":"translation_priority","extraData":[]},"publishpress_future_workflow_manual_trigger":{"enabledWorkflows":[]},"_links":{"self":[{"href":"https:\/\/ccor.cos-sco.ca\/fr\/wp-json\/wp\/v2\/pages\/3799","targetHints":{"allow":["GET"]}}],"collection":[{"href":"https:\/\/ccor.cos-sco.ca\/fr\/wp-json\/wp\/v2\/pages"}],"about":[{"href":"https:\/\/ccor.cos-sco.ca\/fr\/wp-json\/wp\/v2\/types\/page"}],"author":[{"embeddable":true,"href":"https:\/\/ccor.cos-sco.ca\/fr\/wp-json\/wp\/v2\/users\/56072"}],"replies":[{"embeddable":true,"href":"https:\/\/ccor.cos-sco.ca\/fr\/wp-json\/wp\/v2\/comments?post=3799"}],"version-history":[{"count":3,"href":"https:\/\/ccor.cos-sco.ca\/fr\/wp-json\/wp\/v2\/pages\/3799\/revisions"}],"predecessor-version":[{"id":30232,"href":"https:\/\/ccor.cos-sco.ca\/fr\/wp-json\/wp\/v2\/pages\/3799\/revisions\/30232"}],"wp:attachment":[{"href":"https:\/\/ccor.cos-sco.ca\/fr\/wp-json\/wp\/v2\/media?parent=3799"}],"curies":[{"name":"wp","href":"https:\/\/api.w.org\/{rel}","templated":true}]}}