{"id":714,"date":"2018-07-30T16:04:57","date_gmt":"2018-07-30T20:04:57","guid":{"rendered":"https:\/\/cos-prc.machinedev.ca\/getting-accredited\/"},"modified":"2026-02-09T06:01:32","modified_gmt":"2026-02-09T11:01:32","slug":"getting-accredited","status":"publish","type":"page","link":"https:\/\/ccor.cos-sco.ca\/fr\/getting-accredited\/","title":{"rendered":"Comment faire agr\u00e9er votre activit\u00e9 de DPC"},"content":{"rendered":"\n<section class=\"section section--impact page-impact alignfull\">\n  <div class=\"impact-overlay\"><\/div>\n  <div class=\"parallax-bg\" style=\"background-image: url(https:\/\/ccor.cos-sco.ca\/wp-content\/uploads\/2021\/06\/Pinpoint_IMG_9339.jpeg); background-size: cover; background-position: center center;\"><\/div>\n  <div class=\"grid-container fade-up-and-in\">\n    <div class=\"grid-x\">\n      <div class=\"cell text-center\">\n                  <h1>Comment faire agr\u00e9er votre activit\u00e9 de DPC<\/h1>\n                      <\/div>\n    <\/div>\n  <\/div>\n<\/section>\n\n\n\n<p>\u00c0 titre de fournisseur de DPC agr\u00e9\u00e9 par le Coll\u00e8ge royal des m\u00e9decins et chirurgiens du Canada (CRMCC), la SCO con\u00e7oit et accr\u00e9dite des activit\u00e9s menant \u00e0 des cr\u00e9dits de DPC en vertu de la Section 1 et de la Section 3 du Programme de maintien du certificat du CRMCC.<\/p>\n\n\n\n<p>De concert avec des organisations de m\u00e9decins, des universit\u00e9s et des partenaires de l\u2019industrie, la SCO \u00e9labore et accr\u00e9dite de telles activit\u00e9s de DPC en fonction des besoins de perfectionnement de ses membres partout au pays, selon un plan annuel d\u2019apprentissage.<\/p>\n\n\n\n<h3 class=\"wp-block-heading\">Norme nationale pour le soutien des activit\u00e9s de DPC agr\u00e9\u00e9es<\/h3>\n\n\n\n<p>L\u2019objectif de la <a href=\"https:\/\/cosprc.ca\/norme-nationale-rc\/\" target=\"_blank\" rel=\"noreferrer noopener\"><strong>Norme nationale pour le soutien des activit\u00e9s de DPC agr\u00e9\u00e9es<\/strong><\/a> (la norme nationale) est de prot\u00e9ger l\u2019int\u00e9grit\u00e9 des activit\u00e9s de DPC de l\u2019influence des organisations commanditaires qui pourraient entra\u00eener un parti pris. La norme nationale s\u2019applique \u00e0 toutes les situations o\u00f9 un soutien financier ou en nature est accept\u00e9 pour contribuer au d\u00e9veloppement, \u00e0 la prestatioin et \u00e0 l\u2019\u00e9valuation d\u2019activit\u00e9s de DPC agr\u00e9\u00e9es. Elle s\u2019applique donc \u00e0 toutes les activit\u00e9s d\u2019apprentissage devant \u00eatre approuv\u00e9es comme des activit\u00e9s de DPC agrees. Vous trouverez plus d\u2019information sur le site web du Coll\u00e8ge royal des m\u00e9decins et chirurgiens du Canada.<\/p>\n\n\n\n<h3 class=\"wp-block-heading\">Frais d\u2019agr\u00e9ment<\/h3>\n\n\n\n<p><strong>Section 1<br><\/strong>Apprentissage collectif<\/p>\n\n\n\n<ul class=\"wp-block-list\"><li>Budget de l\u2019activit\u00e9 inf\u00e9rieur \u00e0 15 000 $ : 700 $ + TVH<\/li><li>Budget de l\u2019activit\u00e9 de 15 000 $ \u00e0 50 000 $ : 2 000 $ + TVH<\/li><li>Budget de l\u2019activit\u00e9 de 50 000 $ \u00e0 100 000 $ : 3 000 $<\/li><li>Budget de l\u2019activit\u00e9 de plus de 100 000 $* : 5 000 $ + TVH<\/li><\/ul>\n\n\n\n<p>*Les activit\u00e9s dont le budget est sup\u00e9rieur \u00e0 100 000 $ seront \u00e9valu\u00e9es en fonction de leur degr\u00e9 de complexit\u00e9 et les frais d&rsquo;agr\u00e9ment pourraient augmenter en cons\u00e9quence. Toute augmentation sera d\u00e9termin\u00e9e par la SCO en consultation avec le demandeur.<\/p>\n\n\n\n<p><strong>Section 3<\/strong><br>Activit\u00e9s \u00e9valuation<\/p>\n\n\n\n<ul class=\"wp-block-list\"><li>Agr\u00e9ment pour une ann\u00e9e : 1 000 $ + TVH<\/li><li>Agr\u00e9ment pour deux ann\u00e9es : 2 000 $ + TVH<\/li><li>Agr\u00e9ment pour une ann\u00e9e : 3 000 $ + TVH<\/li><\/ul>\n\n\n\n<p><strong>Frais de retard<\/strong><\/p>\n\n\n\n<p>Si la demande d\u2019agr\u00e9ment est pr\u00e9sent\u00e9e pour \u00e9tude moins de quatre (4) semaines avant la date du d\u00e9but de l\u2019activit\u00e9, les frais d\u2019agr\u00e9ment doubleront. Cette augmentation couvre les co\u00fbts associ\u00e9s \u00e0 l\u2019acc\u00e9l\u00e9ration du processus d\u2019examen.<\/p>\n\n\n\n<p>REMARQUE : La SCO facturera l\u2019organisation de m\u00e9decins apr\u00e8s avoir trait\u00e9 la demande du programme. Les frais d\u2019agr\u00e9ment ne sont pas remboursables.<\/p>\n","protected":false},"excerpt":{"rendered":"<p>\u00c0 titre de fournisseur de DPC agr\u00e9\u00e9 par le Coll\u00e8ge royal des m\u00e9decins et chirurgiens du Canada (CRMCC), la SCO con\u00e7oit et accr\u00e9dite des activit\u00e9s menant \u00e0 des cr\u00e9dits de DPC en vertu de la Section 1 et de la Section 3 du Programme de maintien du certificat du CRMCC. De concert avec des organisations [&hellip;]<\/p>\n","protected":false},"author":3,"featured_media":0,"parent":0,"menu_order":12,"comment_status":"closed","ping_status":"closed","template":"","meta":{"_acf_changed":false,"footnotes":""},"class_list":["post-714","page","type-page","status-publish","hentry"],"acf":[],"yoast_head":"<!-- This site is optimized with the Yoast SEO plugin v27.4 - https:\/\/yoast.com\/product\/yoast-seo-wordpress\/ -->\n<title>Comment faire agr\u00e9er votre activit\u00e9 de DPC - CCOR<\/title>\n<meta name=\"robots\" content=\"index, follow, max-snippet:-1, max-image-preview:large, max-video-preview:-1\" \/>\n<link rel=\"canonical\" href=\"https:\/\/ccor.cos-sco.ca\/fr\/getting-accredited\/\" \/>\n<meta property=\"og:locale\" content=\"fr_FR\" \/>\n<meta property=\"og:type\" content=\"article\" \/>\n<meta property=\"og:title\" content=\"Comment faire agr\u00e9er votre activit\u00e9 de DPC - CCOR\" \/>\n<meta property=\"og:description\" content=\"\u00c0 titre de fournisseur de DPC agr\u00e9\u00e9 par le Coll\u00e8ge royal des m\u00e9decins et chirurgiens du Canada (CRMCC), la SCO con\u00e7oit et accr\u00e9dite des activit\u00e9s menant \u00e0 des cr\u00e9dits de DPC en vertu de la Section 1 et de la Section 3 du Programme de maintien du certificat du CRMCC. De concert avec des organisations [&hellip;]\" \/>\n<meta property=\"og:url\" content=\"https:\/\/ccor.cos-sco.ca\/fr\/getting-accredited\/\" \/>\n<meta property=\"og:site_name\" content=\"CCOR\" \/>\n<meta property=\"article:modified_time\" content=\"2026-02-09T11:01:32+00:00\" \/>\n<meta name=\"twitter:card\" content=\"summary_large_image\" \/>\n<meta name=\"twitter:label1\" content=\"Dur\u00e9e de lecture estim\u00e9e\" \/>\n\t<meta name=\"twitter:data1\" content=\"2 minutes\" \/>\n<script type=\"application\/ld+json\" class=\"yoast-schema-graph\">{\"@context\":\"https:\\\/\\\/schema.org\",\"@graph\":[{\"@type\":\"WebPage\",\"@id\":\"https:\\\/\\\/ccor.cos-sco.ca\\\/fr\\\/getting-accredited\\\/\",\"url\":\"https:\\\/\\\/ccor.cos-sco.ca\\\/fr\\\/getting-accredited\\\/\",\"name\":\"Comment faire agr\u00e9er votre activit\u00e9 de DPC - CCOR\",\"isPartOf\":{\"@id\":\"https:\\\/\\\/ccor.cos-sco.ca\\\/#website\"},\"datePublished\":\"2018-07-30T20:04:57+00:00\",\"dateModified\":\"2026-02-09T11:01:32+00:00\",\"breadcrumb\":{\"@id\":\"https:\\\/\\\/ccor.cos-sco.ca\\\/fr\\\/getting-accredited\\\/#breadcrumb\"},\"inLanguage\":\"fr-FR\",\"potentialAction\":[{\"@type\":\"ReadAction\",\"target\":[\"https:\\\/\\\/ccor.cos-sco.ca\\\/fr\\\/getting-accredited\\\/\"]}]},{\"@type\":\"BreadcrumbList\",\"@id\":\"https:\\\/\\\/ccor.cos-sco.ca\\\/fr\\\/getting-accredited\\\/#breadcrumb\",\"itemListElement\":[{\"@type\":\"ListItem\",\"position\":1,\"name\":\"Home\",\"item\":\"https:\\\/\\\/ccor.cos-sco.ca\\\/fr\\\/\"},{\"@type\":\"ListItem\",\"position\":2,\"name\":\"Comment faire agr\u00e9er votre activit\u00e9 de DPC\"}]},{\"@type\":\"WebSite\",\"@id\":\"https:\\\/\\\/ccor.cos-sco.ca\\\/#website\",\"url\":\"https:\\\/\\\/ccor.cos-sco.ca\\\/\",\"name\":\"CCOR\",\"description\":\"\",\"potentialAction\":[{\"@type\":\"SearchAction\",\"target\":{\"@type\":\"EntryPoint\",\"urlTemplate\":\"https:\\\/\\\/ccor.cos-sco.ca\\\/?s={search_term_string}\"},\"query-input\":{\"@type\":\"PropertyValueSpecification\",\"valueRequired\":true,\"valueName\":\"search_term_string\"}}],\"inLanguage\":\"fr-FR\"}]}<\/script>\n<!-- \/ Yoast SEO plugin. -->","yoast_head_json":{"title":"Comment faire agr\u00e9er votre activit\u00e9 de DPC - CCOR","robots":{"index":"index","follow":"follow","max-snippet":"max-snippet:-1","max-image-preview":"max-image-preview:large","max-video-preview":"max-video-preview:-1"},"canonical":"https:\/\/ccor.cos-sco.ca\/fr\/getting-accredited\/","og_locale":"fr_FR","og_type":"article","og_title":"Comment faire agr\u00e9er votre activit\u00e9 de DPC - CCOR","og_description":"\u00c0 titre de fournisseur de DPC agr\u00e9\u00e9 par le Coll\u00e8ge royal des m\u00e9decins et chirurgiens du Canada (CRMCC), la SCO con\u00e7oit et accr\u00e9dite des activit\u00e9s menant \u00e0 des cr\u00e9dits de DPC en vertu de la Section 1 et de la Section 3 du Programme de maintien du certificat du CRMCC. De concert avec des organisations [&hellip;]","og_url":"https:\/\/ccor.cos-sco.ca\/fr\/getting-accredited\/","og_site_name":"CCOR","article_modified_time":"2026-02-09T11:01:32+00:00","twitter_card":"summary_large_image","twitter_misc":{"Dur\u00e9e de lecture estim\u00e9e":"2 minutes"},"schema":{"@context":"https:\/\/schema.org","@graph":[{"@type":"WebPage","@id":"https:\/\/ccor.cos-sco.ca\/fr\/getting-accredited\/","url":"https:\/\/ccor.cos-sco.ca\/fr\/getting-accredited\/","name":"Comment faire agr\u00e9er votre activit\u00e9 de DPC - CCOR","isPartOf":{"@id":"https:\/\/ccor.cos-sco.ca\/#website"},"datePublished":"2018-07-30T20:04:57+00:00","dateModified":"2026-02-09T11:01:32+00:00","breadcrumb":{"@id":"https:\/\/ccor.cos-sco.ca\/fr\/getting-accredited\/#breadcrumb"},"inLanguage":"fr-FR","potentialAction":[{"@type":"ReadAction","target":["https:\/\/ccor.cos-sco.ca\/fr\/getting-accredited\/"]}]},{"@type":"BreadcrumbList","@id":"https:\/\/ccor.cos-sco.ca\/fr\/getting-accredited\/#breadcrumb","itemListElement":[{"@type":"ListItem","position":1,"name":"Home","item":"https:\/\/ccor.cos-sco.ca\/fr\/"},{"@type":"ListItem","position":2,"name":"Comment faire agr\u00e9er votre activit\u00e9 de DPC"}]},{"@type":"WebSite","@id":"https:\/\/ccor.cos-sco.ca\/#website","url":"https:\/\/ccor.cos-sco.ca\/","name":"CCOR","description":"","potentialAction":[{"@type":"SearchAction","target":{"@type":"EntryPoint","urlTemplate":"https:\/\/ccor.cos-sco.ca\/?s={search_term_string}"},"query-input":{"@type":"PropertyValueSpecification","valueRequired":true,"valueName":"search_term_string"}}],"inLanguage":"fr-FR"}]}},"publishpress_future_action":{"enabled":false,"date":"2026-04-23 17:26:56","action":"change-status","newStatus":"draft","terms":[],"taxonomy":"translation_priority","extraData":[]},"publishpress_future_workflow_manual_trigger":{"enabledWorkflows":[]},"_links":{"self":[{"href":"https:\/\/ccor.cos-sco.ca\/fr\/wp-json\/wp\/v2\/pages\/714","targetHints":{"allow":["GET"]}}],"collection":[{"href":"https:\/\/ccor.cos-sco.ca\/fr\/wp-json\/wp\/v2\/pages"}],"about":[{"href":"https:\/\/ccor.cos-sco.ca\/fr\/wp-json\/wp\/v2\/types\/page"}],"author":[{"embeddable":true,"href":"https:\/\/ccor.cos-sco.ca\/fr\/wp-json\/wp\/v2\/users\/3"}],"replies":[{"embeddable":true,"href":"https:\/\/ccor.cos-sco.ca\/fr\/wp-json\/wp\/v2\/comments?post=714"}],"version-history":[{"count":4,"href":"https:\/\/ccor.cos-sco.ca\/fr\/wp-json\/wp\/v2\/pages\/714\/revisions"}],"predecessor-version":[{"id":29899,"href":"https:\/\/ccor.cos-sco.ca\/fr\/wp-json\/wp\/v2\/pages\/714\/revisions\/29899"}],"wp:attachment":[{"href":"https:\/\/ccor.cos-sco.ca\/fr\/wp-json\/wp\/v2\/media?parent=714"}],"curies":[{"name":"wp","href":"https:\/\/api.w.org\/{rel}","templated":true}]}}